{"id":1003,"date":"2023-11-02T14:00:41","date_gmt":"2023-11-02T14:00:41","guid":{"rendered":"https:\/\/funpro.agrif.bg.ac.rs\/?page_id=1003"},"modified":"2023-11-02T14:02:45","modified_gmt":"2023-11-02T14:02:45","slug":"funpro-project-at-the14th-european-night-of-researchers","status":"publish","type":"page","link":"https:\/\/funpro.agrif.bg.ac.rs\/?page_id=1003","title":{"rendered":"FUNPRO project at the14th European Night of Researchers"},"content":{"rendered":"\n<hr class=\"wp-block-separator has-text-color has-background has-accent-background-color has-accent-color has-alpha-channel-opacity is-style-wide\"\/>\n\n\n\n<p>The 14th European Night of Researchers was organized by the Center for the Promotion of Science and the Institute for Biological Research &#8220;Sini\u0161a Stankovi\u0107 30.09.2022. in In\u0111ija, pedestrian zone with more than 300 visitors. The Researchers&#8217; Night, which aims to bring scientific achievements and project perspectives closer to children of all ages and to the non-scientific population, is an important event for the popularization of science. The scientific program of this Researchers&#8217; Night included a presentation of the FUNPRO project, which was supported by the Science Fund of the Republic of Serbia (Grant No. 774471). The objectives of the project were presented in a scientific-popular way during the exhibition; edible mushrooms and grape marc, which are the source material of the FUNPRO project, were presented as potential functional ingredients for the development of novel, improved dairy products beneficial to human health.<br>For more information about the 14th European Researchers&#8217; Night, visit: <a rel=\"noreferrer noopener\" href=\"https:\/\/www.nocistrazivaca.rs\/\" target=\"_blank\">https:\/\/www.nocistrazivaca.rs\/<\/a><\/p>\n\n\n\n<div style=\"height:20px\" aria-hidden=\"true\" class=\"wp-block-spacer\"><\/div>\n\n\n\n<figure class=\"wp-block-gallery has-nested-images columns-4\">\n<figure class=\"wp-block-image size-large\"><a href=\"https:\/\/funpro.agrif.bg.ac.rs\/wp-content\/uploads\/2023\/11\/01.-Noc-Istrazivaca.jpg\"><img loading=\"lazy\" width=\"664\" height=\"472\" data-id=\"1007\"  src=\"https:\/\/funpro.agrif.bg.ac.rs\/wp-content\/uploads\/2023\/11\/01.-Noc-Istrazivaca.jpg\" alt=\"\" class=\"wp-image-1007\"\/><\/a><\/figure>\n\n\n\n<figure class=\"wp-block-image size-large\"><a href=\"https:\/\/funpro.agrif.bg.ac.rs\/wp-content\/uploads\/2023\/11\/02.-Noc-Istrazivaca.jpg\"><img loading=\"lazy\" width=\"609\" height=\"427\" data-id=\"1005\"  src=\"https:\/\/funpro.agrif.bg.ac.rs\/wp-content\/uploads\/2023\/11\/02.-Noc-Istrazivaca.jpg\" alt=\"\" class=\"wp-image-1005\"\/><\/a><\/figure>\n\n\n\n<figure class=\"wp-block-image size-large\"><a href=\"https:\/\/funpro.agrif.bg.ac.rs\/wp-content\/uploads\/2023\/11\/03.-Noc-Istrazivaca.jpg\"><img loading=\"lazy\" width=\"683\" height=\"540\" data-id=\"1006\"  src=\"https:\/\/funpro.agrif.bg.ac.rs\/wp-content\/uploads\/2023\/11\/03.-Noc-Istrazivaca.jpg\" alt=\"\" class=\"wp-image-1006\"\/><\/a><\/figure>\n\n\n\n<figure class=\"wp-block-image size-large\"><a href=\"https:\/\/funpro.agrif.bg.ac.rs\/wp-content\/uploads\/2023\/11\/04.-Noc-Istrazivaca.jpg\"><img loading=\"lazy\" width=\"621\" height=\"508\" data-id=\"1004\"  src=\"https:\/\/funpro.agrif.bg.ac.rs\/wp-content\/uploads\/2023\/11\/04.-Noc-Istrazivaca.jpg\" alt=\"\" class=\"wp-image-1004\"\/><\/a><\/figure>\n<\/figure>\n\n\n\n<div style=\"height:35px\" aria-hidden=\"true\" class=\"wp-block-spacer\"><\/div>\n","protected":false},"excerpt":{"rendered":"<p>The 14th European Night of Researchers was organized by the Center for the Promotion of Science and the Institute for Biological Research &#8220;Sini\u0161a Stankovi\u0107 30.09.2022. in In\u0111ija, pedestrian zone with more than 300 visitors. The Researchers&#8217; Night, which aims to bring scientific achievements and project perspectives closer to children of [&hellip;]<\/p>\n","protected":false},"author":1,"featured_media":0,"parent":0,"menu_order":0,"comment_status":"closed","ping_status":"closed","template":"page-templates\/template-fullwidth.php","meta":{"_themeisle_gutenberg_block_has_review":false},"_links":{"self":[{"href":"https:\/\/funpro.agrif.bg.ac.rs\/index.php?rest_route=\/wp\/v2\/pages\/1003"}],"collection":[{"href":"https:\/\/funpro.agrif.bg.ac.rs\/index.php?rest_route=\/wp\/v2\/pages"}],"about":[{"href":"https:\/\/funpro.agrif.bg.ac.rs\/index.php?rest_route=\/wp\/v2\/types\/page"}],"author":[{"embeddable":true,"href":"https:\/\/funpro.agrif.bg.ac.rs\/index.php?rest_route=\/wp\/v2\/users\/1"}],"replies":[{"embeddable":true,"href":"https:\/\/funpro.agrif.bg.ac.rs\/index.php?rest_route=%2Fwp%2Fv2%2Fcomments&post=1003"}],"version-history":[{"count":4,"href":"https:\/\/funpro.agrif.bg.ac.rs\/index.php?rest_route=\/wp\/v2\/pages\/1003\/revisions"}],"predecessor-version":[{"id":1013,"href":"https:\/\/funpro.agrif.bg.ac.rs\/index.php?rest_route=\/wp\/v2\/pages\/1003\/revisions\/1013"}],"wp:attachment":[{"href":"https:\/\/funpro.agrif.bg.ac.rs\/index.php?rest_route=%2Fwp%2Fv2%2Fmedia&parent=1003"}],"curies":[{"name":"wp","href":"https:\/\/api.w.org\/{rel}","templated":true}]}}