{"id":1030,"date":"2023-11-03T20:19:13","date_gmt":"2023-11-03T20:19:13","guid":{"rendered":"https:\/\/funpro.agrif.bg.ac.rs\/?page_id=1030"},"modified":"2023-11-03T20:21:51","modified_gmt":"2023-11-03T20:21:51","slug":"funpro-project-at-xv-international-symposium-novel-technologies-and-sustainable-development-21-22-october-2023-leskovac-serbia","status":"publish","type":"page","link":"https:\/\/funpro.agrif.bg.ac.rs\/?page_id=1030","title":{"rendered":"FUNPRO project at XV International Symposium \u201cNovel Technologies and Sustainable Development\u201d, 21 \u2013 22. October 2023. Leskovac, Serbia"},"content":{"rendered":"\n<hr class=\"wp-block-separator has-text-color has-background has-accent-background-color has-accent-color has-alpha-channel-opacity is-style-wide\"\/>\n\n\n\n<p>XV. International Symposium \u201cNovel Technologies and Sustainable Development\u201d was held in Leskovac, Serbia, on October 20-21, 2023, and was organised by the Faculty of Technology, University of Ni\u0161. The International Symposium &#8220;Novel Technologies and Sustainable Development&#8221; is the first interdisciplinary forum for scientists, engineers and practitioners to present their latest research results, ideas, developments and applications in all areas of novel technologies and sustainable development, chemical engineering, environmental protection engineering, biochemical engineering, pharmaceutical and cosmetic engineering, food engineering, organic chemical technology, inorganic chemical technology, polymer engineering, textile engineering, materials engineering and information systems in engineering. The conference brought together leading academic scientists, researchers and scholars from around the world who are working on these topics. Scientists from different countries participated in the congress with 7 invited talks and several poster presentations were shown. The results of the FUNPRO project were presented by FUNPRO team members Mirjana Pe\u0161i\u0107, Sladjana Stanojevi\u0107 and Aleksandar \u017d. Kosti\u0107 through a poster presentation and project flyers.<br>For more information about the symposium look at: <a href=\"https:\/\/www.tf.ni.ac.rs\/symposium\/\" target=\"_blank\" rel=\"noreferrer noopener\">https:\/\/www.tf.ni.ac.rs\/symposium\/<\/a><\/p>\n\n\n\n<div class=\"wp-block-file\"><a id=\"wp-block-file--media-6ac28fe9-6357-4b4e-a56e-6f05e127015e\" href=\"https:\/\/funpro.agrif.bg.ac.rs\/wp-content\/uploads\/2023\/11\/Samo-Ideja-apstrakt-Leskovac-2023.pdf\" target=\"_blank\" rel=\"noreferrer noopener\">Find the abstract here:<\/a><a href=\"https:\/\/funpro.agrif.bg.ac.rs\/wp-content\/uploads\/2023\/11\/Samo-Ideja-apstrakt-Leskovac-2023.pdf\" class=\"wp-block-file__button\" download aria-describedby=\"wp-block-file--media-6ac28fe9-6357-4b4e-a56e-6f05e127015e\">Download<\/a><\/div>\n\n\n\n<div style=\"height:20px\" aria-hidden=\"true\" class=\"wp-block-spacer\"><\/div>\n\n\n\n<figure class=\"wp-block-gallery has-nested-images columns-default is-cropped\">\n<figure class=\"wp-block-image size-large\"><a href=\"https:\/\/funpro.agrif.bg.ac.rs\/wp-content\/uploads\/2023\/11\/02.-Novel-Technologies-and-Sustainable-Development.jpg\"><img loading=\"lazy\" width=\"4624\" height=\"3468\" data-id=\"1033\"  src=\"https:\/\/funpro.agrif.bg.ac.rs\/wp-content\/uploads\/2023\/11\/02.-Novel-Technologies-and-Sustainable-Development.jpg\" alt=\"\" class=\"wp-image-1033\"\/><\/a><\/figure>\n\n\n\n<figure class=\"wp-block-image size-large\"><a href=\"https:\/\/funpro.agrif.bg.ac.rs\/wp-content\/uploads\/2023\/11\/01.-Novel-Technologies-and-Sustainable-Development.jpg\"><img loading=\"lazy\" width=\"4624\" height=\"3468\" data-id=\"1034\"  src=\"https:\/\/funpro.agrif.bg.ac.rs\/wp-content\/uploads\/2023\/11\/01.-Novel-Technologies-and-Sustainable-Development.jpg\" alt=\"\" class=\"wp-image-1034\"\/><\/a><\/figure>\n<\/figure>\n\n\n\n<div style=\"height:35px\" aria-hidden=\"true\" class=\"wp-block-spacer\"><\/div>\n","protected":false},"excerpt":{"rendered":"<p>XV. International Symposium \u201cNovel Technologies and Sustainable Development\u201d was held in Leskovac, Serbia, on October 20-21, 2023, and was organised by the Faculty of Technology, University of Ni\u0161. The International Symposium &#8220;Novel Technologies and Sustainable Development&#8221; is the first interdisciplinary forum for scientists, engineers and practitioners to present their latest [&hellip;]<\/p>\n","protected":false},"author":1,"featured_media":0,"parent":0,"menu_order":0,"comment_status":"closed","ping_status":"closed","template":"page-templates\/template-fullwidth.php","meta":{"_themeisle_gutenberg_block_has_review":false},"_links":{"self":[{"href":"https:\/\/funpro.agrif.bg.ac.rs\/index.php?rest_route=\/wp\/v2\/pages\/1030"}],"collection":[{"href":"https:\/\/funpro.agrif.bg.ac.rs\/index.php?rest_route=\/wp\/v2\/pages"}],"about":[{"href":"https:\/\/funpro.agrif.bg.ac.rs\/index.php?rest_route=\/wp\/v2\/types\/page"}],"author":[{"embeddable":true,"href":"https:\/\/funpro.agrif.bg.ac.rs\/index.php?rest_route=\/wp\/v2\/users\/1"}],"replies":[{"embeddable":true,"href":"https:\/\/funpro.agrif.bg.ac.rs\/index.php?rest_route=%2Fwp%2Fv2%2Fcomments&post=1030"}],"version-history":[{"count":4,"href":"https:\/\/funpro.agrif.bg.ac.rs\/index.php?rest_route=\/wp\/v2\/pages\/1030\/revisions"}],"predecessor-version":[{"id":1044,"href":"https:\/\/funpro.agrif.bg.ac.rs\/index.php?rest_route=\/wp\/v2\/pages\/1030\/revisions\/1044"}],"wp:attachment":[{"href":"https:\/\/funpro.agrif.bg.ac.rs\/index.php?rest_route=%2Fwp%2Fv2%2Fmedia&parent=1030"}],"curies":[{"name":"wp","href":"https:\/\/api.w.org\/{rel}","templated":true}]}}