{"id":1040,"date":"2023-11-03T20:27:20","date_gmt":"2023-11-03T20:27:20","guid":{"rendered":"https:\/\/funpro.agrif.bg.ac.rs\/?page_id=1040"},"modified":"2023-11-03T20:27:20","modified_gmt":"2023-11-03T20:27:20","slug":"funpro-project-at-6th-scientific-professional-symposium-with-international-participation-beer-brewing-raw-materials-and-equipment-25-27-october-zrenjanin-serbia","status":"publish","type":"page","link":"https:\/\/funpro.agrif.bg.ac.rs\/?page_id=1040","title":{"rendered":"FUNPRO project at 6th Scientific-professional symposium with international participation \u201eBeer, Brewing raw materials and equipment\u201c, 25 &#8211; 27. October, Zrenjanin, Serbia"},"content":{"rendered":"\n<hr class=\"wp-block-separator has-text-color has-background has-accent-background-color has-accent-color has-alpha-channel-opacity is-style-wide\"\/>\n\n\n\n<p>The 6th scientific-professional symposium with international participation \u201eBeer, brewing raw materials and equipment\u201c was held in Zrenjanin, Serbia, from October 25 to 27. FUNPRO members Mirjana Pe\u0161i\u0107, Danijel Milin\u010di\u0107 and Jovana Petrovi\u0107 presented the results of the bilateral project with China on the production of beer with improved functionality, e.g. improved fenolic profile, antioxidant and sensory properties. Important part of the research was the analysis of the phenolic profile of Prunus spinosea L. extracts and the newly formulated beer with grape pomace seed extracts. For this purpose, UHPLC-QToF-MS equipment was used, which was purchased as part of the FUNPRO project and significantly improved the quality of the research. Also, project flyers were disseminated to the audience.<br>For more information about the symposium look at: <a href=\"https:\/\/www.simpozijumopivu-zrenjanin.org\/home\/\" target=\"_blank\" rel=\"noreferrer noopener\">https:\/\/www.simpozijumopivu-zrenjanin.org\/home\/<\/a><\/p>\n\n\n\n<div class=\"wp-block-file\"><a id=\"wp-block-file--media-b10b5121-787c-409d-b39f-561a4ca6ef23\" href=\"https:\/\/funpro.agrif.bg.ac.rs\/wp-content\/uploads\/2023\/11\/Abstract-book-Zrenjanin.pdf\"><a rel=\"noreferrer noopener\" href=\"https:\/\/funpro.agrif.bg.ac.rs\/wp-content\/uploads\/2023\/11\/Samo-Ideja-apstrakt-Leskovac-2023.pdf\" target=\"_blank\">Find the abstract here:<\/a><\/a><a href=\"https:\/\/funpro.agrif.bg.ac.rs\/wp-content\/uploads\/2023\/11\/Abstract-book-Zrenjanin.pdf\" class=\"wp-block-file__button\" download aria-describedby=\"wp-block-file--media-b10b5121-787c-409d-b39f-561a4ca6ef23\">Download<\/a><\/div>\n\n\n\n<div style=\"height:20px\" aria-hidden=\"true\" class=\"wp-block-spacer\"><\/div>\n\n\n\n<figure class=\"wp-block-gallery has-nested-images columns-default is-cropped\">\n<figure class=\"wp-block-image size-large\"><a href=\"https:\/\/funpro.agrif.bg.ac.rs\/wp-content\/uploads\/2023\/11\/01.-Beer-Brewing-raw-materials-and-equipment.jpg\"><img loading=\"lazy\" width=\"1024\" height=\"768\" data-id=\"1042\"  src=\"https:\/\/funpro.agrif.bg.ac.rs\/wp-content\/uploads\/2023\/11\/01.-Beer-Brewing-raw-materials-and-equipment.jpg\" alt=\"\" class=\"wp-image-1042\"\/><\/a><\/figure>\n\n\n\n<figure class=\"wp-block-image size-large\"><a href=\"https:\/\/funpro.agrif.bg.ac.rs\/wp-content\/uploads\/2023\/11\/02.-Beer-Brewing-raw-materials-and-equipment.jpg\"><img loading=\"lazy\" width=\"1600\" height=\"1275\" data-id=\"1043\"  src=\"https:\/\/funpro.agrif.bg.ac.rs\/wp-content\/uploads\/2023\/11\/02.-Beer-Brewing-raw-materials-and-equipment.jpg\" alt=\"\" class=\"wp-image-1043\"\/><\/a><\/figure>\n<\/figure>\n\n\n\n<div style=\"height:35px\" aria-hidden=\"true\" class=\"wp-block-spacer\"><\/div>\n","protected":false},"excerpt":{"rendered":"<p>The 6th scientific-professional symposium with international participation \u201eBeer, brewing raw materials and equipment\u201c was held in Zrenjanin, Serbia, from October 25 to 27. FUNPRO members Mirjana Pe\u0161i\u0107, Danijel Milin\u010di\u0107 and Jovana Petrovi\u0107 presented the results of the bilateral project with China on the production of beer with improved functionality, e.g. [&hellip;]<\/p>\n","protected":false},"author":1,"featured_media":0,"parent":0,"menu_order":0,"comment_status":"closed","ping_status":"closed","template":"page-templates\/template-fullwidth.php","meta":{"_themeisle_gutenberg_block_has_review":false},"_links":{"self":[{"href":"https:\/\/funpro.agrif.bg.ac.rs\/index.php?rest_route=\/wp\/v2\/pages\/1040"}],"collection":[{"href":"https:\/\/funpro.agrif.bg.ac.rs\/index.php?rest_route=\/wp\/v2\/pages"}],"about":[{"href":"https:\/\/funpro.agrif.bg.ac.rs\/index.php?rest_route=\/wp\/v2\/types\/page"}],"author":[{"embeddable":true,"href":"https:\/\/funpro.agrif.bg.ac.rs\/index.php?rest_route=\/wp\/v2\/users\/1"}],"replies":[{"embeddable":true,"href":"https:\/\/funpro.agrif.bg.ac.rs\/index.php?rest_route=%2Fwp%2Fv2%2Fcomments&post=1040"}],"version-history":[{"count":3,"href":"https:\/\/funpro.agrif.bg.ac.rs\/index.php?rest_route=\/wp\/v2\/pages\/1040\/revisions"}],"predecessor-version":[{"id":1063,"href":"https:\/\/funpro.agrif.bg.ac.rs\/index.php?rest_route=\/wp\/v2\/pages\/1040\/revisions\/1063"}],"wp:attachment":[{"href":"https:\/\/funpro.agrif.bg.ac.rs\/index.php?rest_route=%2Fwp%2Fv2%2Fmedia&parent=1040"}],"curies":[{"name":"wp","href":"https:\/\/api.w.org\/{rel}","templated":true}]}}