{"id":1050,"date":"2024-02-05T19:09:41","date_gmt":"2024-02-05T19:09:41","guid":{"rendered":"https:\/\/funpro.agrif.bg.ac.rs\/?page_id=1050"},"modified":"2024-02-05T19:09:41","modified_gmt":"2024-02-05T19:09:41","slug":"funpro-project-at-14th-european-nutrition-conference-fens-2023-belgrade-serbia-14-17-november-2023","status":"publish","type":"page","link":"https:\/\/funpro.agrif.bg.ac.rs\/?page_id=1050","title":{"rendered":"FUNPRO project at 14th European Nutrition Conference FENS 2023, Belgrade, Serbia, 14\u201317 November 2023"},"content":{"rendered":"\n<hr class=\"wp-block-separator has-text-color has-background has-accent-background-color has-accent-color has-alpha-channel-opacity is-style-wide\"\/>\n\n\n\n<p>The 14th European Nutrition Conference ENC took place from 14 to 17th November 2023\u00a0 in Belgrade, Serbia, and was organized by the Federation of European Nutrition Societies (FENS) and the Serbian Nutrition Society. More than 1000 participants attended the conference where 750 oral and poster presentations were delivered. The conference included keynote lectures, symposia, educational workshops, interactive sessions, poster presentations, and meet-the-industry sessions of interest for both students and young nutrition professionals. An emphasis was placed on networking sessions for early career researchers. An exhibition was organized for food industry stakeholders. \u00a0Mirjana Pe\u0161i\u0107, Danijel Milin\u010di\u0107, Sla\u0111ana Stanojevi\u0107, and Aleksandar Kosti\u0107 presented the results of FUNPRO projects in two poster presentations at the conference: Grape pomace seed and skin powder as a source of dietary fibre and Grape seed powders as a source of phenolic compounds: UHPLC Orbitrap MS4 Characterization.<\/p>\n\n\n\n<p>The abstract will be available soon at <a href=\"https:\/\/www.mdpi.com\/2504-3900\/91\/1\" target=\"_blank\" rel=\"noreferrer noopener\">https:\/\/www.mdpi.co<\/a><a href=\"https:\/\/www.mdpi.com\/2504-3900\/91\/1\">m\/2504-3900\/91\/1<\/a><\/p>\n\n\n\n<div class=\"wp-container-2 wp-block-group\"><div class=\"wp-block-group__inner-container\">\n<p>The poster presentations can be found here: <\/p>\n\n\n\n<div class=\"wp-container-1 wp-block-group\"><div class=\"wp-block-group__inner-container\">\n<div class=\"wp-block-file\"><a id=\"wp-block-file--media-72f19620-0bbc-4c60-a330-3f27414db543\" href=\"https:\/\/funpro.agrif.bg.ac.rs\/wp-content\/uploads\/2024\/02\/Grape-seed-powders-as-a-source-of-phenolic-compounds-UHPLC-Orbitrap-MS4-characterization-poster.pdf\" target=\"_blank\" rel=\"noreferrer noopener\">Grape seed powders as a source of phenolic compounds UHPLC Orbitrap MS4 characterization poster<\/a><\/div>\n\n\n\n<div class=\"wp-block-file\"><a id=\"wp-block-file--media-ffe22ed2-3d45-405c-a008-253f0fac3282\" href=\"https:\/\/funpro.agrif.bg.ac.rs\/wp-content\/uploads\/2024\/02\/Grape-pomaceseed-and-skin-powder-as-source-of-dietary-fibre-poster.pdf\" target=\"_blank\" rel=\"noreferrer noopener\">Grape pomace seed and skin powder as source of dietary fibre poster<\/a><\/div>\n<\/div><\/div>\n<\/div><\/div>\n\n\n\n<div style=\"height:20px\" aria-hidden=\"true\" class=\"wp-block-spacer\"><\/div>\n\n\n\n<figure class=\"wp-block-gallery has-nested-images columns-3 is-cropped\">\n<figure class=\"wp-block-image size-large\"><a href=\"https:\/\/funpro.agrif.bg.ac.rs\/wp-content\/uploads\/2024\/02\/01.-FENS_2023.jpg\"><img loading=\"lazy\" width=\"1024\" height=\"768\" data-id=\"1062\"  src=\"https:\/\/funpro.agrif.bg.ac.rs\/wp-content\/uploads\/2024\/02\/01.-FENS_2023.jpg\" alt=\"\" class=\"wp-image-1062\"\/><\/a><\/figure>\n\n\n\n<figure class=\"wp-block-image size-large\"><a href=\"https:\/\/funpro.agrif.bg.ac.rs\/wp-content\/uploads\/2024\/02\/02.-FENS_2023.jpg\"><img loading=\"lazy\" width=\"1024\" height=\"768\" data-id=\"1060\"  src=\"https:\/\/funpro.agrif.bg.ac.rs\/wp-content\/uploads\/2024\/02\/02.-FENS_2023.jpg\" alt=\"\" class=\"wp-image-1060\"\/><\/a><\/figure>\n\n\n\n<figure class=\"wp-block-image size-large\"><a href=\"https:\/\/funpro.agrif.bg.ac.rs\/wp-content\/uploads\/2024\/02\/03.-FENS_2023.jpg\"><img loading=\"lazy\" width=\"768\" height=\"1024\" data-id=\"1058\"  src=\"https:\/\/funpro.agrif.bg.ac.rs\/wp-content\/uploads\/2024\/02\/03.-FENS_2023.jpg\" alt=\"\" class=\"wp-image-1058\"\/><\/a><\/figure>\n\n\n\n<figure class=\"wp-block-image size-large\"><a href=\"https:\/\/funpro.agrif.bg.ac.rs\/wp-content\/uploads\/2024\/02\/04.-FENS_2023.jpg\"><img loading=\"lazy\" width=\"1024\" height=\"768\" data-id=\"1061\"  src=\"https:\/\/funpro.agrif.bg.ac.rs\/wp-content\/uploads\/2024\/02\/04.-FENS_2023.jpg\" alt=\"\" class=\"wp-image-1061\"\/><\/a><\/figure>\n\n\n\n<figure class=\"wp-block-image size-large\"><a href=\"https:\/\/funpro.agrif.bg.ac.rs\/wp-content\/uploads\/2024\/02\/05.-FENS_2023.jpg\"><img loading=\"lazy\" width=\"1024\" height=\"768\" data-id=\"1059\"  src=\"https:\/\/funpro.agrif.bg.ac.rs\/wp-content\/uploads\/2024\/02\/05.-FENS_2023.jpg\" alt=\"\" class=\"wp-image-1059\"\/><\/a><\/figure>\n<\/figure>\n\n\n\n<div style=\"height:35px\" aria-hidden=\"true\" class=\"wp-block-spacer\"><\/div>\n","protected":false},"excerpt":{"rendered":"<p>The 14th European Nutrition Conference ENC took place from 14 to 17th November 2023\u00a0 in Belgrade, Serbia, and was organized by the Federation of European Nutrition Societies (FENS) and the Serbian Nutrition Society. More than 1000 participants attended the conference where 750 oral and poster presentations were delivered. The conference [&hellip;]<\/p>\n","protected":false},"author":1,"featured_media":0,"parent":0,"menu_order":0,"comment_status":"closed","ping_status":"closed","template":"page-templates\/template-fullwidth.php","meta":{"_themeisle_gutenberg_block_has_review":false},"_links":{"self":[{"href":"https:\/\/funpro.agrif.bg.ac.rs\/index.php?rest_route=\/wp\/v2\/pages\/1050"}],"collection":[{"href":"https:\/\/funpro.agrif.bg.ac.rs\/index.php?rest_route=\/wp\/v2\/pages"}],"about":[{"href":"https:\/\/funpro.agrif.bg.ac.rs\/index.php?rest_route=\/wp\/v2\/types\/page"}],"author":[{"embeddable":true,"href":"https:\/\/funpro.agrif.bg.ac.rs\/index.php?rest_route=\/wp\/v2\/users\/1"}],"replies":[{"embeddable":true,"href":"https:\/\/funpro.agrif.bg.ac.rs\/index.php?rest_route=%2Fwp%2Fv2%2Fcomments&post=1050"}],"version-history":[{"count":9,"href":"https:\/\/funpro.agrif.bg.ac.rs\/index.php?rest_route=\/wp\/v2\/pages\/1050\/revisions"}],"predecessor-version":[{"id":1081,"href":"https:\/\/funpro.agrif.bg.ac.rs\/index.php?rest_route=\/wp\/v2\/pages\/1050\/revisions\/1081"}],"wp:attachment":[{"href":"https:\/\/funpro.agrif.bg.ac.rs\/index.php?rest_route=%2Fwp%2Fv2%2Fmedia&parent=1050"}],"curies":[{"name":"wp","href":"https:\/\/api.w.org\/{rel}","templated":true}]}}