{"id":1106,"date":"2024-11-08T22:41:29","date_gmt":"2024-11-08T22:41:29","guid":{"rendered":"https:\/\/funpro.agrif.bg.ac.rs\/?page_id=1106"},"modified":"2024-11-08T22:42:34","modified_gmt":"2024-11-08T22:42:34","slug":"funpro-project-at-28th-international-symposium-on-separation-sciences-isss24","status":"publish","type":"page","link":"https:\/\/funpro.agrif.bg.ac.rs\/?page_id=1106","title":{"rendered":"FUNPRO project at 28th International Symposium on Separation Sciences &#8211; ISSS24"},"content":{"rendered":"\n<hr class=\"wp-block-separator has-text-color has-background has-accent-background-color has-accent-color has-alpha-channel-opacity is-style-wide\"\/>\n\n\n\n<p>The 28th International Symposium on Separation Sciences (ISSS24) was held in Messina, Italy, from 22nd to 25th September 2024. The conference was organized by the University of Messina and focused on fundamental and practical aspects of separation and detection methods, as well as hyphenated, multidimensional, and miniaturized separation techniques applied for analytical, preparative, and industrial purposes, including new horizons and challenges in separation sciences. Two oral presentations and two poster communications showcasing the results of the FUNPRO Project were presented by Mirjana Pe\u0161i\u0107, Danijel Milin\u010di\u0107, Sla\u0111ana Stanojevi\u0107, and Aleksandar Kosti\u0107. Milica Pe\u0161i\u0107 also presented research results utilizing an HPLC-MS-Q-ToF instrument, acquired as part of the FUNPRO Project (<a href=\"https:\/\/www.sepscisoc.com\/isss2024\" target=\"_blank\" rel=\"noreferrer noopener\">https:\/\/www.sepscisoc.com\/isss2024<\/a>).<\/p>\n\n\n\n<p>The book of abstracts is available at: <a href=\"https:\/\/www.sepscisoc.com\/useful-information\/book-of-abstracts\" target=\"_blank\" rel=\"noreferrer noopener\">https:\/\/www.sepscisoc.com\/useful-information\/book-of-abstracts<\/a><\/p>\n\n\n\n<div style=\"height:25px\" aria-hidden=\"true\" class=\"wp-block-spacer\"><\/div>\n\n\n\n<figure class=\"wp-block-gallery has-nested-images columns-4 is-cropped\">\n<figure class=\"wp-block-image size-large\"><a href=\"https:\/\/funpro.agrif.bg.ac.rs\/wp-content\/uploads\/2024\/11\/1730718496300.jpg\"><img loading=\"lazy\" width=\"1600\" height=\"1200\" data-id=\"1109\"  src=\"https:\/\/funpro.agrif.bg.ac.rs\/wp-content\/uploads\/2024\/11\/1730718496300.jpg\" alt=\"\" class=\"wp-image-1109\"\/><\/a><\/figure>\n\n\n\n<figure class=\"wp-block-image size-large\"><a href=\"https:\/\/funpro.agrif.bg.ac.rs\/wp-content\/uploads\/2024\/11\/1730718429399.jpg\"><img loading=\"lazy\" width=\"1600\" height=\"1200\" data-id=\"1113\"  src=\"https:\/\/funpro.agrif.bg.ac.rs\/wp-content\/uploads\/2024\/11\/1730718429399.jpg\" alt=\"\" class=\"wp-image-1113\"\/><\/a><\/figure>\n\n\n\n<figure class=\"wp-block-image size-large\"><a href=\"https:\/\/funpro.agrif.bg.ac.rs\/wp-content\/uploads\/2024\/11\/IMG-20240924-WA0032.jpg\"><img loading=\"lazy\" width=\"1600\" height=\"1200\" data-id=\"1108\"  src=\"https:\/\/funpro.agrif.bg.ac.rs\/wp-content\/uploads\/2024\/11\/IMG-20240924-WA0032.jpg\" alt=\"\" class=\"wp-image-1108\"\/><\/a><\/figure>\n\n\n\n<figure class=\"wp-block-image size-large\"><a href=\"https:\/\/funpro.agrif.bg.ac.rs\/wp-content\/uploads\/2024\/11\/IMG-20240925-WA0011.jpg\"><img loading=\"lazy\" width=\"1600\" height=\"1200\" data-id=\"1107\"  src=\"https:\/\/funpro.agrif.bg.ac.rs\/wp-content\/uploads\/2024\/11\/IMG-20240925-WA0011.jpg\" alt=\"\" class=\"wp-image-1107\"\/><\/a><\/figure>\n\n\n\n<figure class=\"wp-block-image size-large\"><a href=\"https:\/\/funpro.agrif.bg.ac.rs\/wp-content\/uploads\/2024\/11\/IMG-20240923-WA0009.jpg\"><img loading=\"lazy\" width=\"1600\" height=\"1200\" data-id=\"1112\"  src=\"https:\/\/funpro.agrif.bg.ac.rs\/wp-content\/uploads\/2024\/11\/IMG-20240923-WA0009.jpg\" alt=\"\" class=\"wp-image-1112\"\/><\/a><\/figure>\n\n\n\n<figure class=\"wp-block-image size-large\"><a href=\"https:\/\/funpro.agrif.bg.ac.rs\/wp-content\/uploads\/2024\/11\/IMG-20240923-WA0006.jpg\"><img loading=\"lazy\" width=\"1600\" height=\"1200\" data-id=\"1110\"  src=\"https:\/\/funpro.agrif.bg.ac.rs\/wp-content\/uploads\/2024\/11\/IMG-20240923-WA0006.jpg\" alt=\"\" class=\"wp-image-1110\"\/><\/a><\/figure>\n\n\n\n<figure class=\"wp-block-image size-large\"><a href=\"https:\/\/funpro.agrif.bg.ac.rs\/wp-content\/uploads\/2024\/11\/IMG-20240924-WA0031.jpg\"><img loading=\"lazy\" width=\"1200\" height=\"1600\" data-id=\"1111\"  src=\"https:\/\/funpro.agrif.bg.ac.rs\/wp-content\/uploads\/2024\/11\/IMG-20240924-WA0031.jpg\" alt=\"\" class=\"wp-image-1111\"\/><\/a><\/figure>\n<\/figure>\n\n\n\n<div style=\"height:35px\" aria-hidden=\"true\" class=\"wp-block-spacer\"><\/div>\n","protected":false},"excerpt":{"rendered":"<p>The 28th International Symposium on Separation Sciences (ISSS24) was held in Messina, Italy, from 22nd to 25th September 2024. The conference was organized by the University of Messina and focused on fundamental and practical aspects of separation and detection methods, as well as hyphenated, multidimensional, and miniaturized separation techniques applied [&hellip;]<\/p>\n","protected":false},"author":1,"featured_media":0,"parent":0,"menu_order":0,"comment_status":"closed","ping_status":"closed","template":"page-templates\/template-fullwidth.php","meta":{"_themeisle_gutenberg_block_has_review":false},"_links":{"self":[{"href":"https:\/\/funpro.agrif.bg.ac.rs\/index.php?rest_route=\/wp\/v2\/pages\/1106"}],"collection":[{"href":"https:\/\/funpro.agrif.bg.ac.rs\/index.php?rest_route=\/wp\/v2\/pages"}],"about":[{"href":"https:\/\/funpro.agrif.bg.ac.rs\/index.php?rest_route=\/wp\/v2\/types\/page"}],"author":[{"embeddable":true,"href":"https:\/\/funpro.agrif.bg.ac.rs\/index.php?rest_route=\/wp\/v2\/users\/1"}],"replies":[{"embeddable":true,"href":"https:\/\/funpro.agrif.bg.ac.rs\/index.php?rest_route=%2Fwp%2Fv2%2Fcomments&post=1106"}],"version-history":[{"count":3,"href":"https:\/\/funpro.agrif.bg.ac.rs\/index.php?rest_route=\/wp\/v2\/pages\/1106\/revisions"}],"predecessor-version":[{"id":1149,"href":"https:\/\/funpro.agrif.bg.ac.rs\/index.php?rest_route=\/wp\/v2\/pages\/1106\/revisions\/1149"}],"wp:attachment":[{"href":"https:\/\/funpro.agrif.bg.ac.rs\/index.php?rest_route=%2Fwp%2Fv2%2Fmedia&parent=1106"}],"curies":[{"name":"wp","href":"https:\/\/api.w.org\/{rel}","templated":true}]}}