{"id":1143,"date":"2025-01-13T14:27:31","date_gmt":"2025-01-13T14:27:31","guid":{"rendered":"https:\/\/funpro.agrif.bg.ac.rs\/?page_id=1143"},"modified":"2025-01-13T14:27:32","modified_gmt":"2025-01-13T14:27:32","slug":"funpro-project-at-4th-athens-conference-on-advances-in-chemistry-acac-2024","status":"publish","type":"page","link":"https:\/\/funpro.agrif.bg.ac.rs\/?page_id=1143","title":{"rendered":"FUNPRO project at \u00a04th Athens Conference on Advances in Chemistry &#8211; ACAC 2024"},"content":{"rendered":"\n<hr class=\"wp-block-separator has-text-color has-background has-accent-background-color has-accent-color has-alpha-channel-opacity is-style-wide\"\/>\n\n\n\n<p><strong>ACAC 2024<\/strong>&nbsp;is the fourth of a series of International Conferences that were initiated on the occasion of the Centennial Anniversary of the Department of Chemistry, of the National and Kapodistrian University of Athens (NKUA) since its establishment in 1918. The Conference took place in Athens from November 5 to 8, 2024. The conference was very active and successful and was well attended by academics, researchers, postgraduate students, postdoctoral research associates and technology providers. During the Conference, several plenary and invited lectures, contributed talks, and poster presentations took place, leading to fruitful discussions on the latest topics in chemistry in a relaxed and inspiring atmosphere. Prof. Dr Mirjana Pe\u0161i\u0107, PI of the FUNPRO project, and Dr. Dejan Stojkovi\u0107 gave oral presentations on: \u201cGoat milk proteins as a promising ingredient for functional food\u201d and \u201cMushrooms as natural resources of functional food and biologically active compounds\u201d, respectively. <strong><\/strong><\/p>\n\n\n\n<p><strong>The abstract book is available at: <\/strong><a href=\"https:\/\/www.acac2024.gr\/abstract-guidelines\" target=\"_blank\" rel=\"noreferrer noopener\"><strong>https:\/\/www.acac2024.gr\/abstract-guidelines<\/strong><\/a><\/p>\n\n\n\n<div style=\"height:25px\" aria-hidden=\"true\" class=\"wp-block-spacer\"><\/div>\n\n\n\n<figure class=\"wp-block-gallery has-nested-images columns-4 is-cropped\">\n<figure class=\"wp-block-image size-large\"><a href=\"https:\/\/funpro.agrif.bg.ac.rs\/wp-content\/uploads\/2025\/01\/01-FUNPRO-ACAC-2024.jpg\"><img loading=\"lazy\" width=\"1536\" height=\"2048\" data-id=\"1147\"  src=\"https:\/\/funpro.agrif.bg.ac.rs\/wp-content\/uploads\/2025\/01\/01-FUNPRO-ACAC-2024.jpg\" alt=\"\" class=\"wp-image-1147\"\/><\/a><\/figure>\n\n\n\n<figure class=\"wp-block-image size-large\"><a href=\"https:\/\/funpro.agrif.bg.ac.rs\/wp-content\/uploads\/2025\/01\/02-FUNPRO-ACAC-2024.jpg\"><img loading=\"lazy\" width=\"2048\" height=\"1536\" data-id=\"1145\"  src=\"https:\/\/funpro.agrif.bg.ac.rs\/wp-content\/uploads\/2025\/01\/02-FUNPRO-ACAC-2024.jpg\" alt=\"\" class=\"wp-image-1145\"\/><\/a><\/figure>\n\n\n\n<figure class=\"wp-block-image size-large\"><a href=\"https:\/\/funpro.agrif.bg.ac.rs\/wp-content\/uploads\/2025\/01\/03-FUNPRO-ACAC-2024.jpg\"><img loading=\"lazy\" width=\"2048\" height=\"1536\" data-id=\"1146\"  src=\"https:\/\/funpro.agrif.bg.ac.rs\/wp-content\/uploads\/2025\/01\/03-FUNPRO-ACAC-2024.jpg\" alt=\"\" class=\"wp-image-1146\"\/><\/a><\/figure>\n\n\n\n<figure class=\"wp-block-image size-large\"><a href=\"https:\/\/funpro.agrif.bg.ac.rs\/wp-content\/uploads\/2025\/01\/04-FUNPRO-ACAC-2024.jpg\"><img loading=\"lazy\" width=\"1640\" height=\"1232\" data-id=\"1144\"  src=\"https:\/\/funpro.agrif.bg.ac.rs\/wp-content\/uploads\/2025\/01\/04-FUNPRO-ACAC-2024.jpg\" alt=\"\" class=\"wp-image-1144\"\/><\/a><\/figure>\n<\/figure>\n\n\n\n<div style=\"height:35px\" aria-hidden=\"true\" class=\"wp-block-spacer\"><\/div>\n","protected":false},"excerpt":{"rendered":"<p>ACAC 2024&nbsp;is the fourth of a series of International Conferences that were initiated on the occasion of the Centennial Anniversary of the Department of Chemistry, of the National and Kapodistrian University of Athens (NKUA) since its establishment in 1918. The Conference took place in Athens from November 5 to 8, [&hellip;]<\/p>\n","protected":false},"author":1,"featured_media":0,"parent":0,"menu_order":0,"comment_status":"closed","ping_status":"closed","template":"page-templates\/template-fullwidth.php","meta":{"_themeisle_gutenberg_block_has_review":false},"_links":{"self":[{"href":"https:\/\/funpro.agrif.bg.ac.rs\/index.php?rest_route=\/wp\/v2\/pages\/1143"}],"collection":[{"href":"https:\/\/funpro.agrif.bg.ac.rs\/index.php?rest_route=\/wp\/v2\/pages"}],"about":[{"href":"https:\/\/funpro.agrif.bg.ac.rs\/index.php?rest_route=\/wp\/v2\/types\/page"}],"author":[{"embeddable":true,"href":"https:\/\/funpro.agrif.bg.ac.rs\/index.php?rest_route=\/wp\/v2\/users\/1"}],"replies":[{"embeddable":true,"href":"https:\/\/funpro.agrif.bg.ac.rs\/index.php?rest_route=%2Fwp%2Fv2%2Fcomments&post=1143"}],"version-history":[{"count":1,"href":"https:\/\/funpro.agrif.bg.ac.rs\/index.php?rest_route=\/wp\/v2\/pages\/1143\/revisions"}],"predecessor-version":[{"id":1148,"href":"https:\/\/funpro.agrif.bg.ac.rs\/index.php?rest_route=\/wp\/v2\/pages\/1143\/revisions\/1148"}],"wp:attachment":[{"href":"https:\/\/funpro.agrif.bg.ac.rs\/index.php?rest_route=%2Fwp%2Fv2%2Fmedia&parent=1143"}],"curies":[{"name":"wp","href":"https:\/\/api.w.org\/{rel}","templated":true}]}}