{"id":16,"date":"2022-05-04T16:25:33","date_gmt":"2022-05-04T14:25:33","guid":{"rendered":"https:\/\/funproproject.wordpress.com\/?page_id=16"},"modified":"2022-06-16T12:16:41","modified_gmt":"2022-06-16T12:16:41","slug":"clanovi","status":"publish","type":"page","link":"https:\/\/funpro.agrif.bg.ac.rs\/?page_id=16","title":{"rendered":"Team"},"content":{"rendered":"\n<hr class=\"wp-block-separator has-text-color has-background has-alpha-channel-opacity is-style-wide\" style=\"background-color:#ff8c00;color:#ff8c00\"\/>\n\n\n\n<div class=\"wp-container-1 wp-block-group\"><div class=\"wp-block-group__inner-container\">\n<h4><strong>Team Leader:<\/strong><\/h4>\n\n\n\n<ul><li><a href=\"https:\/\/funpro.agrif.bg.ac.rs\/?page_id=135\">Dr.&nbsp;Mirjana&nbsp;Pe\u0161i\u0107<\/a>,&nbsp;Faculty&nbsp;of&nbsp;Agriculture,&nbsp;University&nbsp;of&nbsp;Belgrade<\/li><\/ul>\n<\/div><\/div>\n\n\n\n<div class=\"wp-container-3 wp-block-group\"><div class=\"wp-block-group__inner-container\">\n<div class=\"wp-container-2 wp-block-group\"><div class=\"wp-block-group__inner-container\">\n<h4><strong>Team Members:<\/strong><\/h4>\n<\/div><\/div>\n\n\n\n<ul><li><a href=\"https:\/\/funpro.agrif.bg.ac.rs\/?page_id=248\">Dr.\u00a0Miroljub\u00a0Bara\u0107<\/a>,\u00a0Faculty\u00a0of\u00a0Agriculture,\u00a0University\u00a0of\u00a0Belgrade<\/li><li><a href=\"https:\/\/funpro.agrif.bg.ac.rs\/?page_id=260\">Dr.\u00a0Sla\u0111ana\u00a0Stanojevi\u0107<\/a>,\u00a0Faculty\u00a0of\u00a0Agriculture,\u00a0University\u00a0of\u00a0Belgrade<\/li><li><a href=\"https:\/\/funpro.agrif.bg.ac.rs\/?page_id=229\">Dr.\u00a0Aleksandar\u00a0Kosti\u0107<\/a>,\u00a0Faculty\u00a0of\u00a0Agriculture,\u00a0University\u00a0of\u00a0Belgrade<\/li><li><a href=\"https:\/\/funpro.agrif.bg.ac.rs\/?page_id=308\">Dr. Ivana Sredovi\u0107 Ignjatovi\u0107<\/a>, Faculty of Agriculture, University of Belgrade<\/li><li><a href=\"https:\/\/funpro.agrif.bg.ac.rs\/?page_id=284\">Danijel\u00a0Milin\u010di\u0107<\/a>,\u00a0Faculty\u00a0of\u00a0Agriculture,\u00a0University\u00a0of\u00a0Belgrade<\/li><li><a href=\"https:\/\/funpro.agrif.bg.ac.rs\/?page_id=192\">Ana\u00a0Doro\u0161<\/a><a href=\"https:\/\/funproproject.wordpress.com\/ana-doroski\/\">ki<\/a>,\u00a0Faculty\u00a0of\u00a0Agriculture,\u00a0University\u00a0of\u00a0Belgrade<\/li><li><a href=\"https:\/\/funpro.agrif.bg.ac.rs\/?page_id=214\">Ana\u00a0Bjekovi\u0107<\/a>,\u00a0Faculty\u00a0of\u00a0Agriculture,\u00a0University\u00a0of\u00a0Belgrade<\/li><li><a href=\"https:\/\/funpro.agrif.bg.ac.rs\/?page_id=745\">Steva M. Levi\u0107<\/a>, Faculty\u00a0of\u00a0Agriculture,\u00a0University\u00a0of\u00a0Belgrade<\/li><li><a href=\"https:\/\/funpro.agrif.bg.ac.rs\/?page_id=298\">Dr. Jasmina Glamo\u010dlija<\/a>, Institute for Biological Research &#8220;Sini\u0161a Stankovi\u0107&#8221; &#8211; National Institute of Republic of Serbia, University of Belgrade<\/li><li><a href=\"https:\/\/funpro.agrif.bg.ac.rs\/?page_id=300\">Dr. Jovana Petrovi\u0107<\/a>, Institute for Biological Research &#8220;Sini\u0161a Stankovi\u0107&#8221; &#8211; National Institute of Republic of Serbia, University of Belgrade<\/li><li><a href=\"https:\/\/funpro.agrif.bg.ac.rs\/?page_id=302\">Dr. Dejan Stojkovi\u0107<\/a>, Institute for Biological Research &#8220;Sini\u0161a Stankovi\u0107&#8221; &#8211; National Institute of Republic of Serbia, University of Belgrade<\/li><\/ul>\n<\/div><\/div>\n\n\n\n<h4><strong>Past Members:<\/strong><\/h4>\n\n\n\n<ul><li><a href=\"https:\/\/funpro.agrif.bg.ac.rs\/?page_id=273\">Du\u0161anka\u00a0Popovi\u0107\u00a0Mini\u0107<\/a>,\u00a0Faculty\u00a0of\u00a0Agriculture,\u00a0University\u00a0of\u00a0Belgrade<\/li><\/ul>\n\n\n\n<div style=\"height:40px\" aria-hidden=\"true\" class=\"wp-block-spacer\"><\/div>\n","protected":false},"excerpt":{"rendered":"<p>Team Leader: Dr.&nbsp;Mirjana&nbsp;Pe\u0161i\u0107,&nbsp;Faculty&nbsp;of&nbsp;Agriculture,&nbsp;University&nbsp;of&nbsp;Belgrade Team Members: Dr.\u00a0Miroljub\u00a0Bara\u0107,\u00a0Faculty\u00a0of\u00a0Agriculture,\u00a0University\u00a0of\u00a0Belgrade Dr.\u00a0Sla\u0111ana\u00a0Stanojevi\u0107,\u00a0Faculty\u00a0of\u00a0Agriculture,\u00a0University\u00a0of\u00a0Belgrade Dr.\u00a0Aleksandar\u00a0Kosti\u0107,\u00a0Faculty\u00a0of\u00a0Agriculture,\u00a0University\u00a0of\u00a0Belgrade Dr. Ivana Sredovi\u0107 Ignjatovi\u0107, Faculty of Agriculture, University of Belgrade Danijel\u00a0Milin\u010di\u0107,\u00a0Faculty\u00a0of\u00a0Agriculture,\u00a0University\u00a0of\u00a0Belgrade Ana\u00a0Doro\u0161ki,\u00a0Faculty\u00a0of\u00a0Agriculture,\u00a0University\u00a0of\u00a0Belgrade Ana\u00a0Bjekovi\u0107,\u00a0Faculty\u00a0of\u00a0Agriculture,\u00a0University\u00a0of\u00a0Belgrade Steva M. Levi\u0107, Faculty\u00a0of\u00a0Agriculture,\u00a0University\u00a0of\u00a0Belgrade Dr. Jasmina Glamo\u010dlija, Institute for Biological Research &#8220;Sini\u0161a Stankovi\u0107&#8221; &#8211; National Institute of Republic of Serbia, University of Belgrade Dr. Jovana Petrovi\u0107, Institute for Biological [&hellip;]<\/p>\n","protected":false},"author":1,"featured_media":0,"parent":0,"menu_order":0,"comment_status":"closed","ping_status":"closed","template":"page-templates\/template-fullwidth.php","meta":{"_themeisle_gutenberg_block_has_review":false},"_links":{"self":[{"href":"https:\/\/funpro.agrif.bg.ac.rs\/index.php?rest_route=\/wp\/v2\/pages\/16"}],"collection":[{"href":"https:\/\/funpro.agrif.bg.ac.rs\/index.php?rest_route=\/wp\/v2\/pages"}],"about":[{"href":"https:\/\/funpro.agrif.bg.ac.rs\/index.php?rest_route=\/wp\/v2\/types\/page"}],"author":[{"embeddable":true,"href":"https:\/\/funpro.agrif.bg.ac.rs\/index.php?rest_route=\/wp\/v2\/users\/1"}],"replies":[{"embeddable":true,"href":"https:\/\/funpro.agrif.bg.ac.rs\/index.php?rest_route=%2Fwp%2Fv2%2Fcomments&post=16"}],"version-history":[{"count":31,"href":"https:\/\/funpro.agrif.bg.ac.rs\/index.php?rest_route=\/wp\/v2\/pages\/16\/revisions"}],"predecessor-version":[{"id":761,"href":"https:\/\/funpro.agrif.bg.ac.rs\/index.php?rest_route=\/wp\/v2\/pages\/16\/revisions\/761"}],"wp:attachment":[{"href":"https:\/\/funpro.agrif.bg.ac.rs\/index.php?rest_route=%2Fwp%2Fv2%2Fmedia&parent=16"}],"curies":[{"name":"wp","href":"https:\/\/api.w.org\/{rel}","templated":true}]}}