{"id":214,"date":"2022-05-17T14:57:54","date_gmt":"2022-05-17T12:57:54","guid":{"rendered":"https:\/\/funproproject.wordpress.com\/?page_id=214"},"modified":"2022-06-14T14:09:56","modified_gmt":"2022-06-14T14:09:56","slug":"ana-bjekovic","status":"publish","type":"page","link":"https:\/\/funpro.agrif.bg.ac.rs\/?page_id=214","title":{"rendered":"Ana Bjekovi\u0107"},"content":{"rendered":"\n<hr class=\"wp-block-separator aligncenter has-text-color has-background is-style-wide\" style=\"background-color:#ff8c00;color:#ff8c00\"\/>\n\n\n\n<div class=\"wp-container-6 wp-block-group alignwide\"><div class=\"wp-block-group__inner-container\">\n<div class=\"wp-block-jetpack-layout-grid alignfull column1-desktop-grid__span-4 column1-desktop-grid__row-1 column2-desktop-grid__span-8 column2-desktop-grid__start-5 column2-desktop-grid__row-1 column1-tablet-grid__span-3 column1-tablet-grid__row-1 column2-tablet-grid__span-5 column2-tablet-grid__start-4 column2-tablet-grid__row-1 column1-mobile-grid__span-4 column1-mobile-grid__row-1 column2-mobile-grid__span-4 column2-mobile-grid__row-2\">\n<div class=\"wp-block-jetpack-layout-grid-column wp-block-jetpack-layout-grid__padding-none is-vertically-aligned-top\">\n<figure class=\"wp-block-image size-large is-resized is-style-circle-mask\"><img loading=\"lazy\" src=\"https:\/\/funpro.agrif.bg.ac.rs\/wp-content\/uploads\/2022\/05\/cv-slika-ana-bjekovic.jpg?w=1024\" alt=\"\" class=\"wp-image-215\" width=\"240\" height=\"180\"\/><figcaption><strong>Ana Bjekovi\u0107<\/strong><\/figcaption><\/figure>\n\n\n\n<div class=\"wp-container-1 wp-block-group\">\n<p><a href=\"mailto:ana.bjekovic96@gmail.com\">ana.bjekovic96@gmail.com<\/a><\/p>\n<\/div>\n\n\n\n<div class=\"wp-block-columns\">\n<div class=\"wp-block-column\" style=\"flex-basis:100%\">\n<div class=\"wp-container-2 wp-block-group has-small-font-size\">\n<p class=\"has-text-align-justify has-small-font-size\"><strong>Academic title<\/strong>:&nbsp;Junior Research Assistant<\/p>\n\n\n\n<p><strong>Participant: P11<\/strong><\/p>\n\n\n\n<p class=\"has-text-align-justify has-small-font-size\"><strong>Date of birth:<\/strong> 03. May 1996, Trebinje, Bosnia and Herzegovina<\/p>\n\n\n\n<p class=\"has-text-align-justify has-small-font-size\"><strong>Institution: <\/strong>Faculty of Agriculture, University of Belgrade, Nemanjina 6, 11080, Zemun, Serbia<\/p>\n<\/div>\n<\/div>\n<\/div>\n\n\n\n<div style=\"height:45px\" aria-hidden=\"true\" class=\"wp-block-spacer\"><\/div>\n\n\n\n<div class=\"wp-container-3 wp-block-group\">\n<figure class=\"wp-block-image size-large is-resized\"><a href=\"https:\/\/orcid.org\/0000-0001-5826-1850\" target=\"_blank\" rel=\"noreferrer noopener\"><img loading=\"lazy\" src=\"https:\/\/funpro.agrif.bg.ac.rs\/wp-content\/uploads\/2022\/05\/orcid_id.svg_.png?w=1024\" alt=\"\" class=\"wp-image-148\" width=\"39\" height=\"39\"\/><\/a><\/figure>\n<\/div>\n<\/div>\n\n\n\n<div class=\"wp-block-jetpack-layout-grid-column wp-block-jetpack-layout-grid__padding-none is-vertically-aligned-top\">\n<div class=\"wp-container-4 wp-block-group\"><div class=\"wp-block-group__inner-container\">\n<p class=\"has-text-align-justify\">Ana Bjekovi\u0107 is a Junior Research Assistant and a Ph.D. student at the Faculty of Agriculture\u2019s Department of Food Technology, the University of Belgrade since 2019. Bachelor of Technology at the Faculty of Agriculture, Department of Food Technology, Canning, and Fermentation from 2014 to 2018. From 2018 to 2019, Master of Academic Studies University of Belgrade, Faculty of Agriculture, Department of Food Engineering.<\/p>\n\n\n\n<p class=\"has-text-align-justify\">Her scientific research is based on encapsulation techniques, lyophilization, and spray-drying. Work an experiment in the laboratory of the Faculty of Agriculture and Faculty of Technology and Metallurgy of the University of Belgrade on the topic &#8220;Formulation of the composition of cryoprotectants for the lyophilization of probiotic cultures&#8221;, and the experiment on the topic &#8220;Development and characterization of biofilms with incorporated sage extract&#8221;. She is a member of the Association of Food Technologists of Serbia. She is a member of the organization of the student national competition &#8220;Ecotrophelia&#8221;, based on the creation of eco-innovative food products. She is a member of the scientific-professional symposium organization \u201eBeer, brewing raw materials and equipment \u201c, Zrenjanin, Serbia. She participates in the realization of practical lectures, which include the following courses: Malt technology, Beer technology, and Natural and mineral water technology.<\/p>\n<\/div><\/div>\n\n\n\n<div class=\"wp-container-5 wp-block-group\"><\/div>\n<\/div>\n<\/div>\n<\/div><\/div>\n\n\n\n<div style=\"height:50px\" aria-hidden=\"true\" class=\"wp-block-spacer\"><\/div>\n\n\n\n<h4><strong><span style=\"text-decoration:underline;\">She is co-author of the scientific paper:<\/span><\/strong><\/h4>\n\n\n\n<div class=\"wp-container-7 wp-block-group\">\n<p class=\"has-text-align-justify\">1. Ja\u0107imovi\u0107, S., Bjekovi\u0107, A., Nedovi\u0107, V. (2019). Application of immobilized cell systems in brewing \u2013 recent results. Third Scientific-Professional Symposium with International Participation \u201eBeer, Brewing Raw Materials and Equipment\u201c, August 26-29, Zrenjanin, Serbia. Collection of abstracts, 21.<\/p>\n<\/div>\n\n\n\n<div style=\"height:35px\" aria-hidden=\"true\" class=\"wp-block-spacer\"><\/div>\n","protected":false},"excerpt":{"rendered":"<p>ana.bjekovic96@gmail.com Academic title:&nbsp;Junior Research Assistant Participant: P11 Date of birth: 03. May 1996, Trebinje, Bosnia and Herzegovina Institution: Faculty of Agriculture, University of Belgrade, Nemanjina 6, 11080, Zemun, Serbia Ana Bjekovi\u0107 is a Junior Research Assistant and a Ph.D. student at the Faculty of Agriculture\u2019s Department of Food Technology, the [&hellip;]<\/p>\n","protected":false},"author":1,"featured_media":0,"parent":0,"menu_order":0,"comment_status":"closed","ping_status":"closed","template":"page-templates\/template-page-sidebar.php","meta":{"_themeisle_gutenberg_block_has_review":false},"_links":{"self":[{"href":"https:\/\/funpro.agrif.bg.ac.rs\/index.php?rest_route=\/wp\/v2\/pages\/214"}],"collection":[{"href":"https:\/\/funpro.agrif.bg.ac.rs\/index.php?rest_route=\/wp\/v2\/pages"}],"about":[{"href":"https:\/\/funpro.agrif.bg.ac.rs\/index.php?rest_route=\/wp\/v2\/types\/page"}],"author":[{"embeddable":true,"href":"https:\/\/funpro.agrif.bg.ac.rs\/index.php?rest_route=\/wp\/v2\/users\/1"}],"replies":[{"embeddable":true,"href":"https:\/\/funpro.agrif.bg.ac.rs\/index.php?rest_route=%2Fwp%2Fv2%2Fcomments&post=214"}],"version-history":[{"count":14,"href":"https:\/\/funpro.agrif.bg.ac.rs\/index.php?rest_route=\/wp\/v2\/pages\/214\/revisions"}],"predecessor-version":[{"id":568,"href":"https:\/\/funpro.agrif.bg.ac.rs\/index.php?rest_route=\/wp\/v2\/pages\/214\/revisions\/568"}],"wp:attachment":[{"href":"https:\/\/funpro.agrif.bg.ac.rs\/index.php?rest_route=%2Fwp%2Fv2%2Fmedia&parent=214"}],"curies":[{"name":"wp","href":"https:\/\/api.w.org\/{rel}","templated":true}]}}