{"id":260,"date":"2022-05-17T16:02:47","date_gmt":"2022-05-17T14:02:47","guid":{"rendered":"https:\/\/funproproject.wordpress.com\/?page_id=260"},"modified":"2022-06-14T14:41:54","modified_gmt":"2022-06-14T14:41:54","slug":"sladjana-stanojevic","status":"publish","type":"page","link":"https:\/\/funpro.agrif.bg.ac.rs\/?page_id=260","title":{"rendered":"Dr. Sladjana Stanojevi\u0107"},"content":{"rendered":"\n<hr class=\"wp-block-separator has-text-color has-background has-accent-background-color has-accent-color has-alpha-channel-opacity is-style-wide\"\/>\n\n\n\n<div class=\"wp-container-7 wp-block-group alignfull\"><div class=\"wp-block-group__inner-container\">\n<div class=\"wp-block-jetpack-layout-grid alignfull column1-desktop-grid__span-4 column1-desktop-grid__row-1 column2-desktop-grid__span-8 column2-desktop-grid__start-5 column2-desktop-grid__row-1 column1-tablet-grid__span-3 column1-tablet-grid__row-1 column2-tablet-grid__span-5 column2-tablet-grid__start-4 column2-tablet-grid__row-1 column1-mobile-grid__span-4 column1-mobile-grid__row-1 column2-mobile-grid__span-4 column2-mobile-grid__row-2\">\n<div class=\"wp-block-jetpack-layout-grid-column wp-block-jetpack-layout-grid__padding-none\">\n<figure class=\"wp-block-image size-large is-resized is-style-circle-mask\"><img loading=\"lazy\" src=\"https:\/\/funpro.agrif.bg.ac.rs\/wp-content\/uploads\/2022\/05\/prof-dr-sladjana-stanojevic-fotografija.jpg?w=120\" alt=\"\" class=\"wp-image-261\" width=\"205\" height=\"274\"\/><figcaption><strong>Dr. Sladjana Stanojevi\u0107<\/strong><\/figcaption><\/figure>\n\n\n\n<div class=\"wp-container-1 wp-block-group\">\n<p><a href=\"mailto:sladjas@agrif.bg.ac.rs\">sladjas@agrif.bg.ac.rs<\/a><\/p>\n<\/div>\n\n\n\n<div class=\"wp-container-3 wp-block-group has-small-font-size\">\n<div class=\"wp-container-2 wp-block-group\"><div class=\"wp-block-group__inner-container\">\n<p class=\"has-text-align-justify has-small-font-size\"><strong>Academic title<\/strong>:&nbsp;Full Professor<\/p>\n\n\n\n<p class=\"has-text-align-justify\"><strong>Participant:&nbsp;participant of work packages: WP1-task 1.1.; WP2-task 2.1. and 2.3.; WP3-task 3.1. ; WP4; WP5-task- 5.2.; 5.3 and 5.4.; WP6-task 6.1. and 6.2.<\/strong><\/p>\n\n\n\n<p class=\"has-text-align-justify has-small-font-size\"><strong>Date of birth:<\/strong> 22. August 1965, \u0106uprija, Serbia<\/p>\n\n\n\n<p class=\"has-text-align-justify has-small-font-size\"><strong>Institution: <\/strong>University of Belgrade, Faculty of Agriculture, Institute of Food Technology and Biochemistry, Department of Chemistry and Biochemistry, &nbsp;Nemanjina 6, 11080 Zemun, Serbia<\/p>\n<\/div><\/div>\n<\/div>\n\n\n\n<div style=\"height:45px\" aria-hidden=\"true\" class=\"wp-block-spacer\"><\/div>\n\n\n\n<div class=\"wp-container-4 wp-block-group\">\n<figure class=\"wp-block-image size-large is-resized\"><a href=\"https:\/\/orcid.org\/0000-0001-5740-8267\" target=\"_blank\" rel=\"noreferrer noopener\"><img loading=\"lazy\" src=\"https:\/\/funpro.agrif.bg.ac.rs\/wp-content\/uploads\/2022\/05\/orcid_id.svg_.png?w=1024\" alt=\"\" class=\"wp-image-148\" width=\"39\" height=\"39\"\/><\/a><\/figure>\n<\/div>\n<\/div>\n\n\n\n<div class=\"wp-block-jetpack-layout-grid-column wp-block-jetpack-layout-grid__padding-none\">\n<div class=\"wp-container-5 wp-block-group\"><div class=\"wp-block-group__inner-container\">\n<p class=\"has-text-align-justify\">Dr. Sladjana Stanojevic \u2013 Full Professor at the University of Belgrade, Faculty of Agriculture, Institute of Food Technology and Biochemistry, Department of Chemistry and Biochemistry. The scientific research is focused on nutritional properties of food, food constituents and biochemical transformation during food processing, bioactive compounds of food, functional and techno-functional properties of food, food digestion and principles of nutrition. She is author and co-author of more than 130 scientific papers in total, two technical solutions, 1 university textbooks, 2 student handbooks and monograph of national and international importance. She held invited lectures and participation in national and international congresses\/conferences. She has reviewed for more than 20 top scientific journals. She participated in 11 scientific projects governed by the Ministry of Science and Technological Development, the Republic of Serbia, and 5 international projects concerning food science as a researcher and leader of the group.&nbsp;She was in scientific committees of international congresses of the Scientific Committee of the UNIFood2021 Conference. &nbsp;She is a member of the Serbian Association of Food Technologists (SAFT), a member of Serbian Chemical Society, Serbian Nutrition Society and Global Harmonization initiative.&nbsp;<\/p>\n<\/div><\/div>\n\n\n\n<div class=\"wp-container-6 wp-block-group\"><\/div>\n<\/div>\n<\/div>\n<\/div><\/div>\n\n\n\n<div style=\"height:50px\" aria-hidden=\"true\" class=\"wp-block-spacer\"><\/div>\n\n\n\n<h4><strong><u>Awards, prizes, fellowships:<\/u><\/strong><\/h4>\n\n\n\n<div class=\"wp-container-9 wp-block-group\">\n<div class=\"wp-container-8 wp-block-group\"><div class=\"wp-block-group__inner-container\">\n<ol><li>She is the winner of the annual award of the Belgrade Chamber of Commerce for the best doctoral dissertations in the school year 2007\/08 at the University of Belgrade.<\/li><li>With her associates at the symposium with international participation (in Opatija &#8211; The 39th Croatian Dairy Experts Symposium) she won the First Prize (IUPAC) for a poster presentation of her work, in 2011.<\/li><li>As a mentor of undergraduate student Milica Pe\u0161i\u0107, he won the second prize for the presentation of student work at the 12th International Conference of Students of Agronomy, University of Kragujevac, Faculty of Agriculture in \u010ca\u010dak, 2021.<\/li><\/ol>\n<\/div><\/div>\n<\/div>\n\n\n\n<div style=\"height:35px\" aria-hidden=\"true\" class=\"wp-block-spacer\"><\/div>\n\n\n\n<h4 class=\"has-text-align-left\"><strong><u>List of five publications relevant to the FANPRO project:<\/u><\/strong><\/h4>\n\n\n\n<div class=\"wp-container-12 wp-block-group\">\n<div class=\"wp-container-11 wp-block-group\">\n<div class=\"wp-container-10 wp-block-group\"><div class=\"wp-block-group__inner-container\">\n<ol><li><strong>Stanojevic P.S.<\/strong>; Bara\u0107, B.M.; Pe\u0161i\u0107, B.M.; Vucelic-Radovic V.B. Protein composition and textural properties of inulin-enriched tofu produced by hydrothermal process. <em>LWT &#8211; Food Science and Technology,<\/em> 2020, <em>126<\/em>, 109309. DOI: doi.org\/10.1016\/j.lwt.2020.109309<\/li><li>Pesic M.B.; Barac M.B.; <strong>Stanojevic S.P.<\/strong>; Vrvic M.V.: Effect of pH on heat-induced casein-whey protein interactions: a comparison between caprine milk and bovine milk, <em>International Dairy Journal<\/em>, 2014, 39, 178-183. DOI:doi.org\/10.1016\/j.idairyj.2014.06.006<\/li><li><strong>Stanojevic P.S.<\/strong>; Barac B.M.; Pesic B.M.; Vucelic- Radovic V.B.: Composition of proteins in okara as a by-product in hydrothermal processing of soymilk, <em>Journal of<\/em> <em>Agricultural and Food Chemistry<\/em>, 2012,60, 9221-9228. DOI: dx.doi.org\/10.1021\/jf3004459<\/li><li><strong>Stanojevic P.S.<\/strong>; Barac B.M.; Pesic B.M.; Vucelic- Radovic V.B.: Assessment of soy genotype and processing method on quality of soybean tofu, <em>Journal of<\/em> <em>Agricultural and Food Chemistry<\/em>, 2011, 59(13), 7368-7376. DOI:dx.doi.org\/10.1021\/jf2006672\u00a0<\/li><li>Pesic M.; Barac M.; Vrvic M.; Ristic N.; Macej O.; <strong>Stanojevic S.<\/strong>: Qualitative and quantitative analysis of bovine milk adulteration in caprine and ovine milks using native-PAGE, <em>Food Chemistry<\/em>, 2011, 125, 1443\u20131449. DOI:10.1016\/j.foodchem.2010.10<\/li><\/ol>\n<\/div><\/div>\n<\/div>\n<\/div>\n\n\n\n<div style=\"height:35px\" aria-hidden=\"true\" class=\"wp-block-spacer\"><\/div>\n\n\n\n<h4><u><strong><span style=\"text-decoration:underline;\">List of relevant previous projects or activities, connected to the subject of FANPRO project :<\/span><\/strong><\/u><\/h4>\n\n\n\n<div class=\"wp-container-17 wp-block-group\">\n<div class=\"wp-container-14 wp-block-group\">\n<div class=\"wp-container-13 wp-block-group\">\n<p>1. Research cycle &#8211; 2008-2022.<\/p>\n\n\n\n<p class=\"has-text-align-justify\">&#8220;Improvement and development of soybean breeding and technology&#8221; &#8211; Project of the Ministry of Science, Technology and Development, Belgrade, within the National Program of Biotechnology and Agroindustry, TR31005. Head of the group.<\/p>\n<\/div>\n<\/div>\n\n\n\n<div class=\"wp-container-15 wp-block-group\">\n<p>2. Research cycle &#8211; 2013-2016.<\/p>\n\n\n\n<p class=\"has-text-align-justify\">FP7-REGPOT-AREA, Grant Agreement No. 316004. &nbsp;\u201cAdvancing research in agricultural and food sciences at Faculty of Agriculture, University of Belgrade\u201d. Participant.<\/p>\n<\/div>\n\n\n\n<div class=\"wp-container-16 wp-block-group\">\n<p>3. Research cycle &#8211; 2008-2011.<\/p>\n\n\n\n<p>&#8220;Application of high temperatures in the production of hard cheeses with the aim of greater use of milk protein in relation to the traditional method of production with the addition of medicinal herbs&#8221; &#8211; Project of the Ministry of Science, Technology and Development, Belgrade, within the National Program of Biotechnology and Agroindustry, TR2004. Participant.<\/p>\n<\/div>\n<\/div>\n\n\n\n<div style=\"height:35px\" aria-hidden=\"true\" class=\"wp-block-spacer\"><\/div>\n","protected":false},"excerpt":{"rendered":"<p>sladjas@agrif.bg.ac.rs Academic title:&nbsp;Full Professor Participant:&nbsp;participant of work packages: WP1-task 1.1.; WP2-task 2.1. and 2.3.; WP3-task 3.1. ; WP4; WP5-task- 5.2.; 5.3 and 5.4.; WP6-task 6.1. and 6.2. Date of birth: 22. August 1965, \u0106uprija, Serbia Institution: University of Belgrade, Faculty of Agriculture, Institute of Food Technology and Biochemistry, Department of [&hellip;]<\/p>\n","protected":false},"author":1,"featured_media":0,"parent":0,"menu_order":0,"comment_status":"closed","ping_status":"closed","template":"page-templates\/template-page-sidebar.php","meta":{"_themeisle_gutenberg_block_has_review":false},"_links":{"self":[{"href":"https:\/\/funpro.agrif.bg.ac.rs\/index.php?rest_route=\/wp\/v2\/pages\/260"}],"collection":[{"href":"https:\/\/funpro.agrif.bg.ac.rs\/index.php?rest_route=\/wp\/v2\/pages"}],"about":[{"href":"https:\/\/funpro.agrif.bg.ac.rs\/index.php?rest_route=\/wp\/v2\/types\/page"}],"author":[{"embeddable":true,"href":"https:\/\/funpro.agrif.bg.ac.rs\/index.php?rest_route=\/wp\/v2\/users\/1"}],"replies":[{"embeddable":true,"href":"https:\/\/funpro.agrif.bg.ac.rs\/index.php?rest_route=%2Fwp%2Fv2%2Fcomments&post=260"}],"version-history":[{"count":3,"href":"https:\/\/funpro.agrif.bg.ac.rs\/index.php?rest_route=\/wp\/v2\/pages\/260\/revisions"}],"predecessor-version":[{"id":641,"href":"https:\/\/funpro.agrif.bg.ac.rs\/index.php?rest_route=\/wp\/v2\/pages\/260\/revisions\/641"}],"wp:attachment":[{"href":"https:\/\/funpro.agrif.bg.ac.rs\/index.php?rest_route=%2Fwp%2Fv2%2Fmedia&parent=260"}],"curies":[{"name":"wp","href":"https:\/\/api.w.org\/{rel}","templated":true}]}}