{"id":284,"date":"2022-05-17T16:26:11","date_gmt":"2022-05-17T14:26:11","guid":{"rendered":"https:\/\/funproproject.wordpress.com\/?page_id=284"},"modified":"2022-06-14T14:11:07","modified_gmt":"2022-06-14T14:11:07","slug":"danijel-d-milincic","status":"publish","type":"page","link":"https:\/\/funpro.agrif.bg.ac.rs\/?page_id=284","title":{"rendered":"Danijel D. Milin\u010di\u0107"},"content":{"rendered":"\n<hr class=\"wp-block-separator aligncenter has-text-color has-background is-style-wide\" style=\"background-color:#ff8c00;color:#ff8c00\"\/>\n\n\n\n<div class=\"wp-container-7 wp-block-group alignfull\"><div class=\"wp-block-group__inner-container\">\n<div class=\"wp-block-jetpack-layout-grid alignfull column1-desktop-grid__span-4 column1-desktop-grid__row-1 column2-desktop-grid__span-8 column2-desktop-grid__start-5 column2-desktop-grid__row-1 column1-tablet-grid__span-3 column1-tablet-grid__row-1 column2-tablet-grid__span-5 column2-tablet-grid__start-4 column2-tablet-grid__row-1 column1-mobile-grid__span-4 column1-mobile-grid__row-1 column2-mobile-grid__span-4 column2-mobile-grid__row-2\">\n<div class=\"wp-block-jetpack-layout-grid-column wp-block-jetpack-layout-grid__padding-none\">\n<figure class=\"wp-block-image size-large is-resized is-style-circle-mask\"><img loading=\"lazy\" src=\"https:\/\/funpro.agrif.bg.ac.rs\/wp-content\/uploads\/2022\/05\/1.-slika-danijel-d.-milincic.jpg?w=828\" alt=\"\" class=\"wp-image-285\" width=\"253\" height=\"240\"\/><figcaption><strong>Danijel D. Milin\u010di\u0107<\/strong><\/figcaption><\/figure>\n\n\n\n<div class=\"wp-container-1 wp-block-group\">\n<p><a href=\"mailto:danijel.milincic@agrif.bg.ac.rs\">danijel.milincic@agrif.bg.ac.rs<\/a><\/p>\n<\/div>\n\n\n\n<div class=\"wp-container-3 wp-block-group has-small-font-size\">\n<div class=\"wp-container-2 wp-block-group\"><div class=\"wp-block-group__inner-container\">\n<p class=\"has-text-align-justify has-small-font-size\"><strong>Academic title<\/strong>:&nbsp;PhD Student<\/p>\n\n\n\n<p class=\"has-text-align-justify\"><strong>Participant: P8<\/strong><\/p>\n\n\n\n<p class=\"has-text-align-justify has-small-font-size\"><strong>Date of birth:<\/strong> 29. November 1993, Kru\u0161evac, Serbia<\/p>\n\n\n\n<p class=\"has-text-align-justify has-small-font-size\"><strong>Institution: <\/strong>University of Belgrade, Faculty of Agriculture, Institute of Food Technology and Biochemistry, Department of Chemistry and Biochemistry, &nbsp;Nemanjina 6, 11080 Belgrade, Serbia<\/p>\n<\/div><\/div>\n<\/div>\n\n\n\n<div style=\"height:45px\" aria-hidden=\"true\" class=\"wp-block-spacer\"><\/div>\n\n\n\n<div class=\"wp-container-4 wp-block-group\">\n<figure class=\"wp-block-image size-large is-resized is-style-rounded\"><a href=\"https:\/\/www.scopus.com\/authid\/detail.uri?authorId=57205563873\" target=\"_blank\" rel=\"noreferrer noopener\"><img loading=\"lazy\" src=\"https:\/\/funpro.agrif.bg.ac.rs\/wp-content\/uploads\/2022\/05\/scopus-logo.png?w=256\" alt=\"\" class=\"wp-image-147\" width=\"38\" height=\"38\"\/><\/a><\/figure>\n\n\n\n<figure class=\"wp-block-image size-large is-resized\"><a href=\"https:\/\/orcid.org\/0000-0002-2476-9426\" target=\"_blank\" rel=\"noreferrer noopener\"><img loading=\"lazy\" src=\"https:\/\/funpro.agrif.bg.ac.rs\/wp-content\/uploads\/2022\/05\/orcid_id.svg_.png?w=1024\" alt=\"\" class=\"wp-image-148\" width=\"39\" height=\"39\"\/><\/a><\/figure>\n\n\n\n<figure class=\"wp-block-image size-large is-resized\"><a href=\"https:\/\/www.researchgate.net\/profile\/Danijel-Milincic-2\" target=\"_blank\" rel=\"noreferrer noopener\"><img loading=\"lazy\" src=\"https:\/\/funpro.agrif.bg.ac.rs\/wp-content\/uploads\/2022\/05\/1200px-researchgate_icon_svg.svg_.png?w=1024\" alt=\"\" class=\"wp-image-150\" width=\"39\" height=\"39\"\/><\/a><\/figure>\n\n\n\n<figure class=\"wp-block-image size-large is-resized is-style-rounded\"><a href=\"https:\/\/publons.com\/researcher\/3431056\/danijel-d-milincic\/\" target=\"_blank\" rel=\"noreferrer noopener\"><img loading=\"lazy\" src=\"https:\/\/funpro.agrif.bg.ac.rs\/wp-content\/uploads\/2022\/05\/blue_white_shadow.png?w=552\" alt=\"\" class=\"wp-image-151\" width=\"38\" height=\"38\"\/><\/a><\/figure>\n<\/div>\n<\/div>\n\n\n\n<div class=\"wp-block-jetpack-layout-grid-column wp-block-jetpack-layout-grid__padding-none\">\n<div class=\"wp-container-5 wp-block-group\"><div class=\"wp-block-group__inner-container\">\n<p class=\"has-text-align-justify\"><strong>Ms. Danijel D. Milin\u010di\u0107<\/strong> is PhD student at the Faculty of Agriculture, University of Belgrade, Department of Food Technology and Biochemistry. He earned BSc in Food Technology (2016) and MSc (2017) in Chemistry and Biochemistry in Food Technology at the Faculty of Agriculture, University of Belgrade. He was a scholarship holder of the Ministry of education, science and technological development and the Fund for young talents of the ministry of youth and sports of the Republic of Serbia (Dositeja). His research area is focused on food chemistry and biochemistry with special emphasis on bioactive food components, functional and techno-functional properties of food, <em>in vitro<\/em> digestion, food proteins and biochemical transformations during food processing. So far, he is the author and co-author of 28 peer-reviewed articles, 2 book chapter, more than 30 presentations at international and national congresses and 1 student handbook. His articles have been cited more than 263 times, h-index is 8 (Scopus data base). He is a reviewer for top International Journals such as Journal of Agricultural and Food Chemistry, Journal of Food Processing and Preservation, International dairy journal, Foods, and Molecules. He participated in 1 national project. He has participated as a member of the Organizing committees of the 2<sup>nd<\/sup> UNIFood International Conference (Belgrade 2021). He is a member of Serbian Association of Food Technologists.<\/p>\n<\/div><\/div>\n\n\n\n<div class=\"wp-container-6 wp-block-group\"><\/div>\n<\/div>\n<\/div>\n<\/div><\/div>\n\n\n\n<div style=\"height:50px\" aria-hidden=\"true\" class=\"wp-block-spacer\"><\/div>\n\n\n\n<h4><strong><u>Awards, prizes, fellowships:<\/u><\/strong><\/h4>\n\n\n\n<div class=\"wp-container-10 wp-block-group\">\n<div class=\"wp-container-9 wp-block-group\">\n<div class=\"wp-container-8 wp-block-group\"><div class=\"wp-block-group__inner-container\">\n<ol><li>He was awarded for exceptional success during his studies at the Faculty of Agriculture, University of Belgrade.<\/li><li>The second award for the presentation of the paper at the 10<sup>th<\/sup> International Conference of Students of Agronomy, University of Kragujevac, Faculty of Agr\u043enomy in \u010ca\u010dak, 2017.<\/li><li>Co-author of the awarded scientific article by the Faculty of Agriculture, University of Belgrade published in the field of food science and technology for 2021 year.&nbsp;<\/li><\/ol>\n<\/div><\/div>\n<\/div>\n<\/div>\n\n\n\n<div style=\"height:35px\" aria-hidden=\"true\" class=\"wp-block-spacer\"><\/div>\n\n\n\n<h4 class=\"has-text-align-left\"><strong><u>List of five publications relevant to the FANPRO project:<\/u><\/strong><\/h4>\n\n\n\n<div class=\"wp-container-13 wp-block-group\">\n<div class=\"wp-container-12 wp-block-group\">\n<div class=\"wp-container-11 wp-block-group\"><div class=\"wp-block-group__inner-container\">\n<ol><li>Pe\u0161i\u0107, M.B., Milin\u010di\u0107, D.D., Kosti\u0107, A.\u017d., Stanisavljevi\u0107, N.S., Vukoti\u0107, G.N., Koji\u0107, M.O., Ga\u0161i\u0107, U.M., Bara\u0107, M.B., Stanojevi\u0107, S.P., Popovi\u0107, D.A., Banjac, N.R., Te\u0161i\u0107, \u017d.Lj. (2019). <strong><em>In vitro<\/em> digestion of meat- and cereal-based food matrix enriched with grape extracts: How are polyphenol composition, bioaccessibility and antioxidant activity affected?<\/strong>. <em>Food Chemistry<\/em>, 284, 28-44. <strong>Doi: 10.1016\/j.foodchem.2019.01.107<\/strong><\/li><li>Kosti\u0107, A.\u017d., Milin\u010di\u0107, D.D., Stanisavljevi\u0107, N.S., Ga\u0161i\u0107, U.M., Levi\u0107, S., Koji\u0107, M.O., Te\u0161i\u0107, \u017d.LJ., Nedovi\u0107, V., Bara\u0107, M.B., Pe\u0161i\u0107, M.B. (2021). <strong>Polyphenol bioaccessibility and antioxidant properties of <em>in vitro<\/em> digested spray-dried thermally-treated skimmed goat milk enriched with pollen.<\/strong> <em>Food Chemistry<\/em>, 351, 129310.&nbsp; <strong>Doi: 10.1016\/j.foodchem.2021.129310<\/strong><\/li><li>Milin\u010di\u0107, D.D., Stanisavljevi\u0107, N.S., Kosti\u0107, A.\u017d., Sokovi\u0107 Baji\u0107, S., Koji\u0107, M.O., Ga\u0161i\u0107, U.M., Bara\u0107, M.B., Stanojevi\u0107, S.P., Te\u0161i\u0107, \u017d.LJ., Pe\u0161i\u0107, M.B. (2021). <strong>Phenolic compounds and biopotential of grape pomace extracts from Prokupac red grape variety<\/strong>. LWT-<em>Food Science and Technology<\/em>, 138, 110739. <strong>Doi: 10.1016\/j.lwt.2020.110739<\/strong><\/li><li>Milin\u010di\u0107, D.D., Kosti\u0107, A.\u017d., Ga\u0161i\u0107, U.M., Levi\u0107, S., Stanojevi\u0107, S.P., Bara\u0107, M.B., Te\u0161i\u0107, \u017d.LJ., Nedovi\u0107, V., Pe\u0161i\u0107, M.B. (2021). <strong>Skimmed goat\u2019s milk powder enriched with grape pomace seed extract: Phenolics and protein characterization and antioxidant properties<\/strong>. <em>Biomolecules<\/em>, 11 (7), 965. <strong>Doi: 10.3390\/biom11070965<\/strong><\/li><li><strong>Milin\u010di\u0107, D.D., Kosti\u0107<\/strong>, A.\u017d., \u0160pirovi\u0107-Trifunovi\u0107, B.D., Te\u0161i\u0107, \u017d.Lj., Tosti, T.B., Drami\u0107anin A.M., Bara\u0107, M.B., Pe\u0161i\u0107, M.B. (2020). <strong>Grape seed flour of different grape pomaces: Fatty acid profile, soluble sugar profile and nutritional value<\/strong>. <em>Journal of the Serbian Chemical Society<\/em>, 85(3), 305-319. <strong>Doi: 10.2298\/JSC190713117M<\/strong>,&nbsp;ISSN:&nbsp;1820-7421<\/li><\/ol>\n<\/div><\/div>\n<\/div>\n<\/div>\n\n\n\n<div style=\"height:35px\" aria-hidden=\"true\" class=\"wp-block-spacer\"><\/div>\n\n\n\n<h4><u><strong><span style=\"text-decoration:underline;\">List of relevant previous projects or activities, connected to the subject of FANPRO project:<\/span><\/strong><\/u><\/h4>\n\n\n\n<p class=\"has-text-align-justify\"><strong>2017-2019:<\/strong> Use of plant sources of protein, dietary fiber and antioxidants in food production, Ministry of Education Science and Technological Development of Republic of Serbia, Grant agreement No. TR 31069.<\/p>\n\n\n\n<div style=\"height:35px\" aria-hidden=\"true\" class=\"wp-block-spacer\"><\/div>\n","protected":false},"excerpt":{"rendered":"<p>danijel.milincic@agrif.bg.ac.rs Academic title:&nbsp;PhD Student Participant: P8 Date of birth: 29. November 1993, Kru\u0161evac, Serbia Institution: University of Belgrade, Faculty of Agriculture, Institute of Food Technology and Biochemistry, Department of Chemistry and Biochemistry, &nbsp;Nemanjina 6, 11080 Belgrade, Serbia Ms. Danijel D. Milin\u010di\u0107 is PhD student at the Faculty of Agriculture, University [&hellip;]<\/p>\n","protected":false},"author":1,"featured_media":0,"parent":0,"menu_order":0,"comment_status":"closed","ping_status":"closed","template":"page-templates\/template-page-sidebar.php","meta":{"_themeisle_gutenberg_block_has_review":false},"_links":{"self":[{"href":"https:\/\/funpro.agrif.bg.ac.rs\/index.php?rest_route=\/wp\/v2\/pages\/284"}],"collection":[{"href":"https:\/\/funpro.agrif.bg.ac.rs\/index.php?rest_route=\/wp\/v2\/pages"}],"about":[{"href":"https:\/\/funpro.agrif.bg.ac.rs\/index.php?rest_route=\/wp\/v2\/types\/page"}],"author":[{"embeddable":true,"href":"https:\/\/funpro.agrif.bg.ac.rs\/index.php?rest_route=\/wp\/v2\/users\/1"}],"replies":[{"embeddable":true,"href":"https:\/\/funpro.agrif.bg.ac.rs\/index.php?rest_route=%2Fwp%2Fv2%2Fcomments&post=284"}],"version-history":[{"count":14,"href":"https:\/\/funpro.agrif.bg.ac.rs\/index.php?rest_route=\/wp\/v2\/pages\/284\/revisions"}],"predecessor-version":[{"id":572,"href":"https:\/\/funpro.agrif.bg.ac.rs\/index.php?rest_route=\/wp\/v2\/pages\/284\/revisions\/572"}],"wp:attachment":[{"href":"https:\/\/funpro.agrif.bg.ac.rs\/index.php?rest_route=%2Fwp%2Fv2%2Fmedia&parent=284"}],"curies":[{"name":"wp","href":"https:\/\/api.w.org\/{rel}","templated":true}]}}