{"id":298,"date":"2022-05-23T13:53:22","date_gmt":"2022-05-23T11:53:22","guid":{"rendered":"https:\/\/funproproject.wordpress.com\/?page_id=298"},"modified":"2022-06-14T14:21:24","modified_gmt":"2022-06-14T14:21:24","slug":"dr-jasmina-glamoclija","status":"publish","type":"page","link":"https:\/\/funpro.agrif.bg.ac.rs\/?page_id=298","title":{"rendered":"Dr. Jasmina Glamo\u010dlija"},"content":{"rendered":"\n<hr class=\"wp-block-separator aligncenter has-text-color has-background has-accent-background-color has-accent-color is-style-wide\"\/>\n\n\n\n<div class=\"wp-container-7 wp-block-group alignfull\"><div class=\"wp-block-group__inner-container\">\n<div class=\"wp-block-jetpack-layout-grid alignfull column1-desktop-grid__span-4 column1-desktop-grid__row-1 column2-desktop-grid__span-8 column2-desktop-grid__start-5 column2-desktop-grid__row-1 column1-tablet-grid__span-3 column1-tablet-grid__row-1 column2-tablet-grid__span-5 column2-tablet-grid__start-4 column2-tablet-grid__row-1 column1-mobile-grid__span-4 column1-mobile-grid__row-1 column2-mobile-grid__span-4 column2-mobile-grid__row-2\">\n<div class=\"wp-block-jetpack-layout-grid-column wp-block-jetpack-layout-grid__padding-none\">\n<figure class=\"wp-block-image size-large is-resized is-style-circle-mask is-style-default\"><img loading=\"lazy\" src=\"https:\/\/funpro.agrif.bg.ac.rs\/wp-content\/uploads\/2022\/05\/jasmina-glamoclija.jpg?w=550\" alt=\"\" class=\"wp-image-360\" width=\"243\" height=\"332\"\/><figcaption><strong>Dr. Jasmina Glamo\u010dlija<\/strong><\/figcaption><\/figure>\n\n\n\n<div class=\"wp-container-1 wp-block-group\">\n<p><a href=\"mailto:jasna@ibiss.bg.ac.rs\">jasna@ibiss.bg.ac.rs<\/a><\/p>\n<\/div>\n\n\n\n<div class=\"wp-container-3 wp-block-group has-small-font-size\">\n<div class=\"wp-container-2 wp-block-group\"><div class=\"wp-block-group__inner-container\">\n<p class=\"has-text-align-justify has-small-font-size\"><strong>Academic title<\/strong>:&nbsp;Principal Research Fellow<\/p>\n\n\n\n<p class=\"has-small-font-size\"><strong>Participant: P5<\/strong><\/p>\n\n\n\n<p class=\"has-text-align-justify has-small-font-size\"><strong>Date of birth:<\/strong> 6. September 1963, Belgrade, Serbia<\/p>\n\n\n\n<p class=\"has-text-align-justify has-small-font-size\"><strong>Institution: <\/strong>University of Belgrade, Institute for Biological Research \u201cSini\u0161a Stankovi\u0107\u201d- National Institute of Republic of Serbia, Department of Plant Physiology (Mycology Lab.), (SRO acronym: IBISS),  Bulevardespota Stefana 142, 11000 Belgrade, Serbia<\/p>\n<\/div><\/div>\n<\/div>\n\n\n\n<div style=\"height:45px\" aria-hidden=\"true\" class=\"wp-block-spacer\"><\/div>\n\n\n\n<div class=\"wp-container-4 wp-block-group\">\n<figure class=\"wp-block-image size-large is-resized\"><a href=\"https:\/\/orcid.org\/0000-0001-6823-1137\" target=\"_blank\" rel=\"noreferrer noopener\"><img loading=\"lazy\" src=\"https:\/\/funpro.agrif.bg.ac.rs\/wp-content\/uploads\/2022\/05\/orcid_id.svg_.png?w=1024\" alt=\"\" class=\"wp-image-148\" width=\"39\" height=\"39\"\/><\/a><\/figure>\n\n\n\n<figure class=\"wp-block-image size-large is-resized\"><a href=\"https:\/\/www.researchgate.net\/profile\/Jasmina-Glamoclija\" target=\"_blank\" rel=\"noreferrer noopener\"><img loading=\"lazy\" src=\"https:\/\/funpro.agrif.bg.ac.rs\/wp-content\/uploads\/2022\/05\/1200px-researchgate_icon_svg.svg_.png?w=1024\" alt=\"\" class=\"wp-image-150\" width=\"39\" height=\"39\"\/><\/a><\/figure>\n<\/div>\n<\/div>\n\n\n\n<div class=\"wp-block-jetpack-layout-grid-column wp-block-jetpack-layout-grid__padding-none\">\n<div class=\"wp-container-5 wp-block-group\"><div class=\"wp-block-group__inner-container\">\n<p class=\"has-text-align-justify\">Dr. Jasmina Glamo\u010dlija is the PrincipalResearch Fellow at the Department of Plant Physiology (Mycology Lab.), Institute for Biological Research \u201cSini\u0161a Stankovi\u0107\u201d- National Institute of Republic of Serbia. She earned BSc in Biology (1988) and MSc (1996) in Biology of fungi at the Faculty of Biology, University of Belgrade and PhD in Mycology (2006), Faculty of Biology, University of Belgrade. The scientific research is focused on drug research for pharmaceutical and agro-technological applications, biology of fungi, plants, chemistry of natural products, metabolomics, and pharmacological activities of natural matrices. She is author and co-author of more than 250 papers in international peer reviewed journals of high importance: with over 4206 citations; with <em>h<\/em>-index of 33. According to the reference data of Stanford University from august 2021, and based on data from the Scopus database, Dr. Glamo\u010dlija is currently on the list of the most cited authors in 2020. She participated in more than 100 national and international conferences. Dr Glamo\u010dlija is assigned as a reviewer in 50 different International Peer Review Journals&nbsp; and was a guest editor in <em>Journal of Fungi<\/em>, review editor for <em>Natural Medicinal Materials<\/em>, reviewer of &nbsp;several projects (bilateral and multilateral) for the Ministry of Education, Science and Technological Development of the Republic of Serbia and was &nbsp;a member of the Working Group for the selection of candidates for&nbsp; competition for National scholarships \u201cFor Women in Science\u201d in 2020 and 2021, organized by <em>L\u2019Oreal<\/em><em> Balkan.<\/em> &nbsp;She participated in 11 scientific projects governed by the Ministry of Science and Technological Development, the Republic of Serbia, and 9 international projects concerning in the mycology as a researcher, task\/WP leader,&nbsp;and the leader of the team Mycology Laboratory. She was in organizing and scientific committees of international congresses The 2nd Balkans-China Mini-symposium on Natural Products and Drug Discovery; UNIFood Conference; International Conference on Plant Biology (22<sup>nd<\/sup> SPPS Meeting); International Conference on Plant Biology, 21<sup>st <\/sup>Symposium of the Serbian Plant Physiology Society, Cost Action FA1106 Quality fruit Workshop.<\/p>\n\n\n\n<p class=\"has-text-align-justify\">She is a founder and member of the Mycological Society of Serbia (president 2008-2014). Dr Glamo\u010dlija is a member of several international associations relevant to the field.&nbsp;<\/p>\n<\/div><\/div>\n\n\n\n<div class=\"wp-container-6 wp-block-group\"><\/div>\n<\/div>\n<\/div>\n<\/div><\/div>\n\n\n\n<div style=\"height:50px\" aria-hidden=\"true\" class=\"wp-block-spacer\"><\/div>\n\n\n\n<h4><strong><u>Awards, prizes, fellowships:<\/u><\/strong><\/h4>\n\n\n\n<div class=\"wp-container-10 wp-block-group\">\n<div class=\"wp-container-9 wp-block-group\">\n<div class=\"wp-container-8 wp-block-group\"><div class=\"wp-block-group__inner-container\">\n<ol><li>Co-author of the awarded scientific article by the Molecules: Molecules Best Paper Award\u201d for 2014, 3<sup>nd<\/sup> Prize for Molecules 2010, 15(11), 7532\u20137546; doi:10.3390\/molecules15117532<\/li><li>Visiting researcher at Centro di Studio Sulla Micologia del Terreno, Dipartimento di Biologia Vegetale, Universita di Torino, Torino, Itali (Jan-Mar 1998).<\/li><li>Scientific collaboration with scientists from: Plant Research International, Wageningen University, Netherlands; Aristotelian University of Thessaloniki, Greece; Laboratory for applied chemistry and biochemistry, Polytechnic Institute of Braganca, Portugal; Universidade Paranaense, Umuarama, Brasil; Selcuk University, Science Faculty,\u00a0 Department\u00a0 of\u00a0 Biology, Turkey.<\/li><\/ol>\n<\/div><\/div>\n<\/div>\n<\/div>\n\n\n\n<div style=\"height:35px\" aria-hidden=\"true\" class=\"wp-block-spacer\"><\/div>\n\n\n\n<h4 class=\"has-text-align-left\"><strong><u><span style=\"text-decoration:underline;\">List of five publications relevant to the FANPRO project:<\/span><\/u><\/strong><\/h4>\n\n\n\n<div class=\"wp-container-13 wp-block-group\">\n<div class=\"wp-container-12 wp-block-group\">\n<div class=\"wp-container-11 wp-block-group\"><div class=\"wp-block-group__inner-container\">\n<ol><li>Pavi\u0107, A., Ilic-Tomic, T., <strong>Glamo\u010dlija, J.<\/strong> (2021): Unravelling Anti-Melanogenic Potency of Edible Mushrooms <em>Laetiporus sulphureus <\/em>and <em>Agaricus silvaticus <\/em>In Vivo Using the Zebrafish Model, <em>Journal of Fungi<\/em> <em>7<\/em>, 834, https:\/\/doi.org\/10.3390\/jof7100834<\/li><li>\u017divkovi\u0107, J., Ivanov, M., Stojkovi\u0107, D., <strong>Glamo\u010dilja, J. <\/strong>(2021):<strong> <\/strong>Ethnomycological Investigation in Serbia: Astonishing Realm of Mycomedicines and Mycofood, <em>Journal of Fungi<\/em> 7, 349. https:\/\/doi.org\/ 10.3390\/jof7050349 (ISSN 2309-608X)<\/li><li><strong>Glamo\u010dlija, J.,<\/strong> Kosti\u0107, M., Sokovi\u0107, M. (2019): Antimicrobial and hepatoprotective activities of edible mushrooms, Chapter 4 pp 81-113, In Book: \u201cBiology of macrofungi\u201d, Eds. Bhim Pratap Singh, Lallawmsanga Chhakchhuak, Ajit Kumar Passari, Springer International publishing AG, Gewerbestrasse 11, 6330 Cham, Switzerland eBook ISBN 978-3-030-02622-6 Hardcover ISBN 978-3-030-02621-9; DOI 10.1007\/978-3-030-02622-6 Series ISSN 2198-7777; Copyright 2019 Publisher Springer International; Publishing Copyright Holder Springer Nature Switzerland AG 978-3-030-02622-6; Number of Pages, 340,\u00a0<\/li><li>Sokovi\u0107, M., <strong>Glamo\u010dlija, J.,<\/strong> \u0106iri\u0107, A., Petrovi\u0107, J., Stojkovi\u0107, D. (2017): Mushrooms as sources of therapeutic foods, Chapter 5 in Book:\u00a0 Therapeutic Foods, Handbook of Food Bioengineering, Volume 8, Eds: Alina Maria Holban and Alexandru Mihai Grumezescu, Elsevier Inc, 141-178, <a rel=\"noreferrer noopener\" href=\"https:\/\/doi.org\/10.1016\/B978-0-12-811517-6.00005-2\" target=\"_blank\">https:\/\/doi.org\/10.1016\/B978-0-12-811517-6.00005-2<\/a><\/li><li><strong>Glamo\u010dlija, J.,<\/strong> Stojkovi\u0107, D., Nikoli\u0107, M., \u0106iri\u0107, A., Barros, L., Ferreira CFR, I., Sokovi\u0107, M. (2015): Comparative study on edible Agaricus mushrooms as functional foods, <em>Food and Function<\/em> 6: 1900-1910,\u00a0 <a rel=\"noreferrer noopener\" href=\"https:\/\/pubs.rsc.org\/en\/content\/articlelanding\/2015\/fo\/c4fo01135j\" target=\"_blank\">https:\/\/ doi: 10.1039\/c4fo01135j<\/a><\/li><\/ol>\n<\/div><\/div>\n<\/div>\n<\/div>\n\n\n\n<div style=\"height:35px\" aria-hidden=\"true\" class=\"wp-block-spacer\"><\/div>\n\n\n\n<h4><strong><u><span style=\"text-decoration:underline;\">List of relevant previous projects or activities, connected to the subject of FANPRO project:<\/span><\/u><\/strong><\/h4>\n\n\n\n<div class=\"wp-container-17 wp-block-group\">\n<div class=\"wp-container-16 wp-block-group\">\n<div class=\"wp-container-15 wp-block-group\">\n<div class=\"wp-container-14 wp-block-group\"><div class=\"wp-block-group__inner-container\">\n<p class=\"has-text-align-justify\"><strong>2018-2022:<\/strong> HORIZON 2020 \u201eChicory as a multipurpose crop for dietary fibre and medicinal terpenes\u201d &#8211; CHIC Horizon 2020 \u2013 the Framework Programme for Research and Innovation, <strong>Participant<\/strong>.<\/p>\n\n\n\n<p class=\"has-text-align-justify\"><strong>2020 <\/strong>Center for the Promotion of Science of the Republic of Serbia &#8220;Functional food of the 21st century &#8211; Natural products from the perspective of scientists&#8221;, <strong>Participant<\/strong>.<\/p>\n\n\n\n<p class=\"has-text-align-justify\"><strong>2015-2017<\/strong> Program bilateral scientific-technical cooperation China-Serbia &#8220;Mushrooms originating in Serbia as a source of new bioactive compounds&#8221;, <strong>Participant<\/strong>.<\/p>\n\n\n\n<p class=\"has-text-align-justify\"><strong>2014-2015.<\/strong> Project Innovation Fund, which refers to the implementation of the project 21th CENTURY FOOD No 622, \u201cThe use of extracts of medicinal and aromatic plants as well as other additives in the technology of cultivation of edible mushrooms in order to improve their nutritional characteristics\u201d, <strong>Scientific consultant<\/strong>.<\/p>\n\n\n\n<p class=\"has-text-align-justify\"><strong>2012-2013.<\/strong> Innovation Serbia Project, which is financed through EU Instrument for Pre-Accession Assistance (IPA) funds and administered by the World Bank. \u201cFr\u043em w\u0430st\u0435 t\u043e t\u0430st\u0435\u201d No 261, <strong>Scientific consultant<\/strong>.<\/p>\n<\/div><\/div>\n<\/div>\n<\/div>\n<\/div>\n\n\n\n<div style=\"height:35px\" aria-hidden=\"true\" class=\"wp-block-spacer\"><\/div>\n","protected":false},"excerpt":{"rendered":"<p>jasna@ibiss.bg.ac.rs Academic title:&nbsp;Principal Research Fellow Participant: P5 Date of birth: 6. September 1963, Belgrade, Serbia Institution: University of Belgrade, Institute for Biological Research \u201cSini\u0161a Stankovi\u0107\u201d- National Institute of Republic of Serbia, Department of Plant Physiology (Mycology Lab.), (SRO acronym: IBISS), Bulevardespota Stefana 142, 11000 Belgrade, Serbia Dr. Jasmina Glamo\u010dlija is [&hellip;]<\/p>\n","protected":false},"author":1,"featured_media":0,"parent":0,"menu_order":0,"comment_status":"closed","ping_status":"closed","template":"page-templates\/template-page-sidebar.php","meta":{"_themeisle_gutenberg_block_has_review":false},"_links":{"self":[{"href":"https:\/\/funpro.agrif.bg.ac.rs\/index.php?rest_route=\/wp\/v2\/pages\/298"}],"collection":[{"href":"https:\/\/funpro.agrif.bg.ac.rs\/index.php?rest_route=\/wp\/v2\/pages"}],"about":[{"href":"https:\/\/funpro.agrif.bg.ac.rs\/index.php?rest_route=\/wp\/v2\/types\/page"}],"author":[{"embeddable":true,"href":"https:\/\/funpro.agrif.bg.ac.rs\/index.php?rest_route=\/wp\/v2\/users\/1"}],"replies":[{"embeddable":true,"href":"https:\/\/funpro.agrif.bg.ac.rs\/index.php?rest_route=%2Fwp%2Fv2%2Fcomments&post=298"}],"version-history":[{"count":4,"href":"https:\/\/funpro.agrif.bg.ac.rs\/index.php?rest_route=\/wp\/v2\/pages\/298\/revisions"}],"predecessor-version":[{"id":596,"href":"https:\/\/funpro.agrif.bg.ac.rs\/index.php?rest_route=\/wp\/v2\/pages\/298\/revisions\/596"}],"wp:attachment":[{"href":"https:\/\/funpro.agrif.bg.ac.rs\/index.php?rest_route=%2Fwp%2Fv2%2Fmedia&parent=298"}],"curies":[{"name":"wp","href":"https:\/\/api.w.org\/{rel}","templated":true}]}}