{"id":300,"date":"2022-05-23T13:33:00","date_gmt":"2022-05-23T11:33:00","guid":{"rendered":"https:\/\/funproproject.wordpress.com\/?page_id=300"},"modified":"2022-06-14T14:24:01","modified_gmt":"2022-06-14T14:24:01","slug":"dr-jovana-petrovic","status":"publish","type":"page","link":"https:\/\/funpro.agrif.bg.ac.rs\/?page_id=300","title":{"rendered":"Dr. Jovana Petrovi\u0107"},"content":{"rendered":"\n<hr class=\"wp-block-separator aligncenter has-text-color has-background has-accent-background-color has-accent-color has-alpha-channel-opacity is-style-wide\"\/>\n\n\n\n<div class=\"wp-container-7 wp-block-group alignfull\"><div class=\"wp-block-group__inner-container\">\n<div class=\"wp-block-jetpack-layout-grid alignfull column1-desktop-grid__span-4 column1-desktop-grid__row-1 column2-desktop-grid__span-8 column2-desktop-grid__start-5 column2-desktop-grid__row-1 column1-tablet-grid__span-3 column1-tablet-grid__row-1 column2-tablet-grid__span-5 column2-tablet-grid__start-4 column2-tablet-grid__row-1 column1-mobile-grid__span-4 column1-mobile-grid__row-1 column2-mobile-grid__span-4 column2-mobile-grid__row-2\">\n<div class=\"wp-block-jetpack-layout-grid-column wp-block-jetpack-layout-grid__padding-none\">\n<figure class=\"wp-block-image size-large is-resized is-style-circle-mask is-style-default\"><img loading=\"lazy\" src=\"https:\/\/funpro.agrif.bg.ac.rs\/wp-content\/uploads\/2022\/05\/cv.jpg?w=1024\" alt=\"\" class=\"wp-image-350\" width=\"294\" height=\"220\"\/><figcaption><strong>Dr. Jovana Petrovi\u0107<\/strong><\/figcaption><\/figure>\n\n\n\n<div class=\"wp-container-1 wp-block-group\">\n<p><a href=\"mailto:jovana0303@ibiss.bg.ac.rs\">jovana0303@ibiss.bg.ac.rs<\/a><\/p>\n<\/div>\n\n\n\n<div class=\"wp-container-3 wp-block-group has-small-font-size\">\n<div class=\"wp-container-2 wp-block-group\"><div class=\"wp-block-group__inner-container\">\n<p class=\"has-text-align-justify has-small-font-size\"><strong>Academic title<\/strong>:&nbsp;:&nbsp;Research Associate<\/p>\n\n\n\n<p><strong>Participant: P6<\/strong><\/p>\n\n\n\n<p class=\"has-text-align-justify has-small-font-size\"><strong>Date of birth:<\/strong> 3. March 1985, Zemun, Serbia<\/p>\n\n\n\n<p class=\"has-text-align-justify has-small-font-size\"><strong>Institution: <\/strong>University of Belgrade, Institute for Biological Research \u201cSini\u0161a Stankovi\u0107\u201d, National Institute of the Republic of Serbia (SRO acronym: IBISS), Bulevar despota Stefana 142, 11060 Belgrade, Serbia<\/p>\n<\/div><\/div>\n<\/div>\n\n\n\n<div style=\"height:45px\" aria-hidden=\"true\" class=\"wp-block-spacer\"><\/div>\n\n\n\n<div class=\"wp-container-4 wp-block-group\">\n<figure class=\"wp-block-image size-large is-resized\"><a href=\"https:\/\/orcid.org\/0000-0002-9016-9971\" target=\"_blank\" rel=\"noreferrer noopener\"><img loading=\"lazy\" src=\"https:\/\/funpro.agrif.bg.ac.rs\/wp-content\/uploads\/2022\/05\/orcid_id.svg_.png?w=1024\" alt=\"\" class=\"wp-image-148\" width=\"39\" height=\"39\"\/><\/a><\/figure>\n\n\n\n<figure class=\"wp-block-image size-large is-resized\"><a href=\"https:\/\/www.researchgate.net\/profile\/Jovana-Petrovic-4\" target=\"_blank\" rel=\"noreferrer noopener\"><img loading=\"lazy\" src=\"https:\/\/funpro.agrif.bg.ac.rs\/wp-content\/uploads\/2022\/05\/1200px-researchgate_icon_svg.svg_.png?w=1024\" alt=\"\" class=\"wp-image-150\" width=\"39\" height=\"39\"\/><\/a><\/figure>\n<\/div>\n<\/div>\n\n\n\n<div class=\"wp-block-jetpack-layout-grid-column wp-block-jetpack-layout-grid__padding-none\">\n<div class=\"wp-container-5 wp-block-group\"><div class=\"wp-block-group__inner-container\">\n<p class=\"has-text-align-justify\">Jovana Petrovi\u0107 is Research Associate at Mycological laboratory, Department of Plant Physiology, Institute for Biological Research \u201cSini\u0161a Stankovi\u0107\u201d. Up till now, Jovana Petrovic&#8217;s current bibliography includes a total of 35 bibliographic units, out of which 3 belong to M21a, 10 to M21, 5 to M22 category. Her manuscripts have been cited more than 280 times, and value of her h-index is 12, based on the Scopus database.&nbsp; Dr Petrovi\u0107 is mostly interested in chemical characterization and biological activities evaluation of wild growing and commercial mushrooms, as well as edible and medicinal plants. Furthermore, she is interested in identification of bioactive principles and estimation of their activity and toxicity. Dr Jovana Petrovi\u0107 was a team member in several domestic and international projects, a leader of the bilateral project with Belarus \u201cIncreased optical purity of natural monoterpenoids as potential enhancer tool for their improved biological activity\u201d for period 2020-2021, a reviewer in peer-reviewed journals and a member of several scientific societies.<\/p>\n<\/div><\/div>\n\n\n\n<div class=\"wp-container-6 wp-block-group\"><\/div>\n<\/div>\n<\/div>\n<\/div><\/div>\n\n\n\n<div style=\"height:50px\" aria-hidden=\"true\" class=\"wp-block-spacer\"><\/div>\n\n\n\n<h4 class=\"has-text-align-left\"><strong><u><span style=\"text-decoration:underline;\">List of five publications relevant to the FUNPRO project:<\/span><\/u><\/strong><\/h4>\n\n\n\n<div class=\"wp-container-10 wp-block-group\">\n<div class=\"wp-container-9 wp-block-group\">\n<div class=\"wp-container-8 wp-block-group\"><div class=\"wp-block-group__inner-container\">\n<ol><li><strong>Petrovi\u0107, J<\/strong>., Glamo\u010dlija, J., Ili\u0107-Tomi\u0107, T., Sokovi\u0107, M., Robajac, D., Nedi\u0107, O., Pavi\u0107, A. (2020): Lectin from Laetiporus sulphureus effectively inhibits angiogenesis and tumor development in the zebrafish xenograft models of colorectal carcinoma and melanoma. Int. J. Biol. Macromol., 148:129-139. doi: 10.1016\/j.ijbiomac.2020.01.033. PMID: 31935408. IF 2020 (6.737), Chemistry, Applied 7\/74,<\/li><li>Bara\u0107, M., Vu\u010di\u0107, T., \u017dili\u0107, S., Pe\u0161i\u0107, M., Sokovi\u0107, M., <strong>Petrovi\u0107, J<\/strong>., Kosti\u0107, A., Sredovi\u0107 Ignjatovi\u0107, I., Milin\u010di\u0107, D. (2019): The Effect of <em>In Vitro<\/em> Digestion on Antioxidant, ACE-Inhibitory and Antimicrobial Potentials of Traditional Serbian White-Brined Cheeses, <em>Foods<\/em>, 8, 94; doi:10.3390\/foods8030094. Food Science &amp; Technology IF (2019) 4.092.<\/li><li><strong>Petrovi\u0107, J.D.,<\/strong> Fernandes, \u00c2., Stojkovi\u0107, D., Sokovi\u0107, M., Barros, L., Ferreira, I.C., Shekhar, A., Glamo\u010dlija, J.: A Step Forward Towards Exploring Nutritional and Biological Potential of Mushrooms: A Case Study of <em>Calocybe gambosa<\/em> (Fr.) Donk Wild Growing in Serbia. (2022): Pol. J. Food Nutr. Sci.:17-26. doi:10.31883\/pjfns\/144836., IF 2.111 (Food Science &amp; Technology, 91\/144).<\/li><li>L\u00f3pez-Hortas, L.,. Caleja, C., Pinela, J., <strong>Petrovi\u0107, J.,<\/strong> Sokovi\u0107, M., Ferreira, I.C.F.R., Torres, M.D., Dom\u00ednguez, H., Pereira, E., Barros, L. (2022): Comparative evaluation of physicochemical profile and bioactive properties of red edible seaweed <em>Chondrus crispus<\/em> subjected to different drying methods. <em>Food Chem<\/em>., 383, 132450, <a rel=\"noreferrer noopener\" href=\"https:\/\/doi.org\/10.1016\/j.foodchem\" target=\"_blank\">https:\/\/doi.org\/10.1016\/j.foodchem<\/a>. Food Science &amp; Technology 7\/144, IF 2020 (7.514).<\/li><li>Finimundy, T.C., Karkanis, A., Fernandes, \u00c2., Petropoulos, S.A., Calhelha, R., <strong>Petrovi\u0107, J.,<\/strong> Sokovi\u0107, M., Rosa, E., Barros, L., Ferreira, I.C.F.R. (2020): Bioactive properties of <em>Sanguisorba minor<\/em> L. cultivated in central Greece under different fertilization regimes. <em>Food Chem<\/em>., 327, 127043. <a rel=\"noreferrer noopener\" href=\"https:\/\/doi.org\/10.1016\/j.foodchem.2020.127043\" target=\"_blank\">https:\/\/doi.org\/10.1016\/j.foodchem.2020.127043<\/a>. Food Science &amp; Technology 7\/144, IF 2020 (7.514).<\/li><\/ol>\n<\/div><\/div>\n<\/div>\n<\/div>\n\n\n\n<div style=\"height:35px\" aria-hidden=\"true\" class=\"wp-block-spacer\"><\/div>\n\n\n\n<h4><strong><u><span style=\"text-decoration:underline;\"><strong><u>List of relevant previous projects or activities, connected to the subject of FUNPRO project:<\/u><\/strong><\/span><\/u><\/strong><\/h4>\n\n\n\n<div class=\"wp-container-11 wp-block-group\">\n<p class=\"has-text-align-justify\"><strong>2018-2019:<\/strong> Activities within the national and international projects regarding extraction and identification of bioactive compounds in wild growing and cultivated mushrooms.<\/p>\n<\/div>\n\n\n\n<div style=\"height:35px\" aria-hidden=\"true\" class=\"wp-block-spacer\"><\/div>\n","protected":false},"excerpt":{"rendered":"<p>jovana0303@ibiss.bg.ac.rs Academic title:&nbsp;:&nbsp;Research Associate Participant: P6 Date of birth: 3. March 1985, Zemun, Serbia Institution: University of Belgrade, Institute for Biological Research \u201cSini\u0161a Stankovi\u0107\u201d, National Institute of the Republic of Serbia (SRO acronym: IBISS), Bulevar despota Stefana 142, 11060 Belgrade, Serbia Jovana Petrovi\u0107 is Research Associate at Mycological laboratory, Department [&hellip;]<\/p>\n","protected":false},"author":1,"featured_media":0,"parent":0,"menu_order":0,"comment_status":"closed","ping_status":"closed","template":"page-templates\/template-page-sidebar.php","meta":{"_themeisle_gutenberg_block_has_review":false},"_links":{"self":[{"href":"https:\/\/funpro.agrif.bg.ac.rs\/index.php?rest_route=\/wp\/v2\/pages\/300"}],"collection":[{"href":"https:\/\/funpro.agrif.bg.ac.rs\/index.php?rest_route=\/wp\/v2\/pages"}],"about":[{"href":"https:\/\/funpro.agrif.bg.ac.rs\/index.php?rest_route=\/wp\/v2\/types\/page"}],"author":[{"embeddable":true,"href":"https:\/\/funpro.agrif.bg.ac.rs\/index.php?rest_route=\/wp\/v2\/users\/1"}],"replies":[{"embeddable":true,"href":"https:\/\/funpro.agrif.bg.ac.rs\/index.php?rest_route=%2Fwp%2Fv2%2Fcomments&post=300"}],"version-history":[{"count":3,"href":"https:\/\/funpro.agrif.bg.ac.rs\/index.php?rest_route=\/wp\/v2\/pages\/300\/revisions"}],"predecessor-version":[{"id":602,"href":"https:\/\/funpro.agrif.bg.ac.rs\/index.php?rest_route=\/wp\/v2\/pages\/300\/revisions\/602"}],"wp:attachment":[{"href":"https:\/\/funpro.agrif.bg.ac.rs\/index.php?rest_route=%2Fwp%2Fv2%2Fmedia&parent=300"}],"curies":[{"name":"wp","href":"https:\/\/api.w.org\/{rel}","templated":true}]}}