{"id":302,"date":"2022-05-25T13:06:07","date_gmt":"2022-05-25T11:06:07","guid":{"rendered":"https:\/\/funproproject.wordpress.com\/?page_id=302"},"modified":"2022-06-15T13:44:32","modified_gmt":"2022-06-15T13:44:32","slug":"dejan-stojkovic","status":"publish","type":"page","link":"https:\/\/funpro.agrif.bg.ac.rs\/?page_id=302","title":{"rendered":"Dr. Dejan Stojkovi\u0107"},"content":{"rendered":"\n<hr class=\"wp-block-separator aligncenter has-text-color has-background has-accent-background-color has-accent-color is-style-wide\"\/>\n\n\n\n<div class=\"wp-container-6 wp-block-group alignfull\"><div class=\"wp-block-group__inner-container\">\n<div class=\"wp-block-jetpack-layout-grid alignfull column1-desktop-grid__span-4 column1-desktop-grid__row-1 column2-desktop-grid__span-8 column2-desktop-grid__start-5 column2-desktop-grid__row-1 column1-tablet-grid__span-3 column1-tablet-grid__row-1 column2-tablet-grid__span-5 column2-tablet-grid__start-4 column2-tablet-grid__row-1 column1-mobile-grid__span-4 column1-mobile-grid__row-1 column2-mobile-grid__span-4 column2-mobile-grid__row-2\">\n<div class=\"wp-block-jetpack-layout-grid-column wp-block-jetpack-layout-grid__padding-none\">\n<figure class=\"wp-block-image size-large is-resized is-style-circle-mask\"><img loading=\"lazy\" src=\"https:\/\/funpro.agrif.bg.ac.rs\/wp-content\/uploads\/2022\/05\/dejan-slika.jpg?w=1024\" alt=\"\" class=\"wp-image-410\" width=\"260\" height=\"194\"\/><figcaption><strong>Dr.<\/strong> <strong>Dejan Stojkovi\u0107<\/strong><\/figcaption><\/figure>\n\n\n\n<div class=\"wp-container-1 wp-block-group\">\n<p><a href=\"mailto:dejanbio@ibiss.bg.ac.rs\">dejanbio@ibiss.bg.ac.rs<\/a><\/p>\n<\/div>\n\n\n\n<div class=\"wp-container-3 wp-block-group has-small-font-size\">\n<div class=\"wp-container-2 wp-block-group\"><div class=\"wp-block-group__inner-container\">\n<p class=\"has-text-align-justify has-small-font-size\"><strong>Academic title<\/strong>:&nbsp;Research Assistant<\/p>\n\n\n\n<p class=\"has-small-font-size\"><strong>Participant: &nbsp;P7<\/strong><\/p>\n\n\n\n<p class=\"has-text-align-justify has-small-font-size\"><strong>Date of birth:<\/strong> 6. May 1986, Vranje, Serbia<\/p>\n\n\n\n<p class=\"has-text-align-justify has-small-font-size\"><strong>Institution: <\/strong>University of Belgrade, Institute for Biological Research \u201cSini\u0161a Stankovi\u0107\u201d- National Institute of Republic of Serbia, Department of Plant Physiology (Mycology Lab.), (SRO acronym: IBISS), Bulevar despota Stefana 142, 11000 Belgrade, Serbia<\/p>\n<\/div><\/div>\n<\/div>\n\n\n\n<div style=\"height:45px\" aria-hidden=\"true\" class=\"wp-block-spacer\"><\/div>\n\n\n\n<div class=\"wp-container-4 wp-block-group\">\n<figure class=\"wp-block-image size-large is-resized\"><a href=\"https:\/\/orcid.org\/0000-0002-4159-1471\" target=\"_blank\" rel=\"noreferrer noopener\"><img loading=\"lazy\" src=\"https:\/\/funpro.agrif.bg.ac.rs\/wp-content\/uploads\/2022\/05\/orcid_id.svg_.png?w=1024\" alt=\"\" class=\"wp-image-148\" width=\"39\" height=\"39\"\/><\/a><\/figure>\n\n\n\n<figure class=\"wp-block-image size-large is-resized\"><a href=\"https:\/\/www.researchgate.net\/profile\/Dejan-Stojkovic-3\" target=\"_blank\" rel=\"noreferrer noopener\"><img loading=\"lazy\" src=\"https:\/\/funpro.agrif.bg.ac.rs\/wp-content\/uploads\/2022\/05\/1200px-researchgate_icon_svg.svg_.png?w=1024\" alt=\"\" class=\"wp-image-150\" width=\"39\" height=\"39\"\/><\/a><\/figure>\n<\/div>\n<\/div>\n\n\n\n<div class=\"wp-block-jetpack-layout-grid-column wp-block-jetpack-layout-grid__padding-none\">\n<p><\/p>\n\n\n\n<p class=\"has-text-align-justify\">Dejan Stojkovi\u0107 was born in 1986 in Vranje. He graduated at Faculty of Biology, University of Belgrade in 2018, with an average grade of 8.44. Diploma thesis under the title: \u201cTraditional use of the plant Sempervivum tectorum L. in southern Serbia, the chemical composition and treatment of bacterial infections\u201d defended in 2018. at the Faculty of Biology, University of Belgrade. As of June 2022, Dejan has obtained academic title Doctor of biological science. At the Department of Plant Physiology IBISS he volunteered since 2005 and participated in the realization of domestic and international projects. As the first author\/co-author, he published more than 100 scientific papers in the journals of international and national importance, and he is a co-author of several book chapters. Dejan is a reviewer in numerous international journals and a member of the Editorial Board. Dejan Stojkovic\u2019s studies have been cited in around 2900 documents, and the value of his h-index in the Google Scholar database is 29.<\/p>\n\n\n\n<div class=\"wp-container-5 wp-block-group\"><\/div>\n<\/div>\n<\/div>\n<\/div><\/div>\n\n\n\n<div style=\"height:50px\" aria-hidden=\"true\" class=\"wp-block-spacer\"><\/div>\n\n\n\n<h4 class=\"has-text-align-left\"><strong><u>List of five publications relevant to the FANPRO project:<\/u><\/strong><\/h4>\n\n\n\n<div class=\"wp-container-8 wp-block-group\">\n<div class=\"wp-container-7 wp-block-group\"><div class=\"wp-block-group__inner-container\">\n<ol><li>\u017divkovi\u0107, J., Ivanov, M., <strong>Stojkovi\u0107, D.<\/strong>, Glamo\u010dilja, J.(2021):<strong> <\/strong>Ethnomycological Investigation in Serbia: Astonishing Realm of Mycomedicines and Mycofood, <em>Journal of Fungi<\/em> 7, 349. <a rel=\"noreferrer noopener\" href=\"https:\/\/pubmed.ncbi.nlm.nih.gov\/33947042\/\" target=\"_blank\">https:\/\/doi.org\/ 10.3390\/jof7050349 (ISSN 2309-608X)<\/a><\/li><li>Cardoso R.V.C., Carocho M., Fernandes \u00c2., Pinela J., <strong>Stojkovi\u0107 D.,<\/strong> Sokovi\u0107 M., Zied D.C., Cobos J.D.V., Gonz\u00e1lez-Param\u00e1s A.M., Ferreira I.C.F.R., Barros L. (2021) Antioxidant and antimicrobial influence on oyster mushrooms (<em>Pleurotus ostreatus<\/em>) from substrate supplementation of calcium silicate, <em>Sustainability (Switzerland)<\/em>, 13 (9), art. no. 5019 DOI: 10.3390\/su13095019<\/li><li><strong>Stojkovi\u0107 D.,<\/strong> Nikoli\u0107 M., Sokovi\u0107 M. (2020): Medicinal plants and mushrooms as unfailing source of pharmacological active molecules for the treatment and supportive therapy in chronic diseases and conditions, <em>Current Medicinal Chemistry<\/em>, 27 (41), pp. 6891<\/li><li><strong>Stojkovic D.,<\/strong> Smiljkovic M., Ciric A., Glamoclija J., Van Griensven L., Ferreira I.C.F.R., Sokovic M. (2019): An insight into antidiabetic properties of six medicinal and edible mushrooms: Inhibition of \u03b1-amylase and \u03b1-glucosidase linked to type-2 diabetes, <em>South African Journal of Botany<\/em>, 120, pp. 100 &#8211; 103, DOI: 10.1016\/j.sajb.2018.01.007<\/li><li>Sokovi\u0107, M., Glamo\u010dlija, J., \u0106iri\u0107, A., Petrovi\u0107, J., <strong>Stojkovi\u0107, D.<\/strong> (2017): Mushrooms as sources of therapeutic foods, Chapter 5 in Book:&nbsp; Therapeutic Foods, Handbook of Food Bioengineering, Volume 8, Eds: Alina Maria Holban and Alexandru Mihai Grumezescu, Elsevier Inc, 141-178, <a rel=\"noreferrer noopener\" href=\"https:\/\/doi.org\/10.1016\/B978-0-12-811517-6.00005-2\" target=\"_blank\">https:\/\/doi.org\/10.1016\/B978-0-12-811517-6.00005-2<\/a><\/li><\/ol>\n<\/div><\/div>\n<\/div>\n\n\n\n<div style=\"height:35px\" aria-hidden=\"true\" class=\"wp-block-spacer\"><\/div>\n\n\n\n<h4><strong><u><span style=\"text-decoration:underline;\">List of relevant previous projects or activities, connected to the subject of FANPRO project:<\/span><\/u><\/strong><\/h4>\n\n\n\n<div class=\"wp-container-11 wp-block-group\">\n<div class=\"wp-container-10 wp-block-group\">\n<div class=\"wp-container-9 wp-block-group\"><div class=\"wp-block-group__inner-container\">\n<p class=\"has-text-align-justify\"><strong>2018-2022:<\/strong> HORIZON 2020 \u201eChicory as a multipurpose crop for dietary fibre and medicinal terpenes\u201d &#8211; CHIC Horizon 2020 \u2013 the Framework Programme for Research and Innovation, <strong>Participant<\/strong>.<\/p>\n\n\n\n<p class=\"has-text-align-justify\"><strong>2020-2021 <\/strong>Center for the Promotion of Science of the Republic of Serbia &#8220;Functional food of the 21st century &#8211; Natural products from the perspective of scientists&#8221;, <strong>Participant<\/strong>.<\/p>\n\n\n\n<p class=\"has-text-align-justify\"><strong>2015-2017<\/strong> Program bilateral scientific-technical cooperation China-Serbia &#8220;Mushrooms originating in Serbia as a source of new bioactive compounds&#8221;, <strong>Participant<\/strong>.<\/p>\n<\/div><\/div>\n<\/div>\n<\/div>\n\n\n\n<div style=\"height:35px\" aria-hidden=\"true\" class=\"wp-block-spacer\"><\/div>\n","protected":false},"excerpt":{"rendered":"<p>dejanbio@ibiss.bg.ac.rs Academic title:&nbsp;Research Assistant Participant: &nbsp;P7 Date of birth: 6. May 1986, Vranje, Serbia Institution: University of Belgrade, Institute for Biological Research \u201cSini\u0161a Stankovi\u0107\u201d- National Institute of Republic of Serbia, Department of Plant Physiology (Mycology Lab.), (SRO acronym: IBISS), Bulevar despota Stefana 142, 11000 Belgrade, Serbia Dejan Stojkovi\u0107 was born [&hellip;]<\/p>\n","protected":false},"author":1,"featured_media":0,"parent":0,"menu_order":0,"comment_status":"closed","ping_status":"closed","template":"page-templates\/template-page-sidebar.php","meta":{"_themeisle_gutenberg_block_has_review":false},"_links":{"self":[{"href":"https:\/\/funpro.agrif.bg.ac.rs\/index.php?rest_route=\/wp\/v2\/pages\/302"}],"collection":[{"href":"https:\/\/funpro.agrif.bg.ac.rs\/index.php?rest_route=\/wp\/v2\/pages"}],"about":[{"href":"https:\/\/funpro.agrif.bg.ac.rs\/index.php?rest_route=\/wp\/v2\/types\/page"}],"author":[{"embeddable":true,"href":"https:\/\/funpro.agrif.bg.ac.rs\/index.php?rest_route=\/wp\/v2\/users\/1"}],"replies":[{"embeddable":true,"href":"https:\/\/funpro.agrif.bg.ac.rs\/index.php?rest_route=%2Fwp%2Fv2%2Fcomments&post=302"}],"version-history":[{"count":7,"href":"https:\/\/funpro.agrif.bg.ac.rs\/index.php?rest_route=\/wp\/v2\/pages\/302\/revisions"}],"predecessor-version":[{"id":725,"href":"https:\/\/funpro.agrif.bg.ac.rs\/index.php?rest_route=\/wp\/v2\/pages\/302\/revisions\/725"}],"wp:attachment":[{"href":"https:\/\/funpro.agrif.bg.ac.rs\/index.php?rest_route=%2Fwp%2Fv2%2Fmedia&parent=302"}],"curies":[{"name":"wp","href":"https:\/\/api.w.org\/{rel}","templated":true}]}}