{"id":793,"date":"2022-07-12T23:13:11","date_gmt":"2022-07-12T23:13:11","guid":{"rendered":"https:\/\/funpro.agrif.bg.ac.rs\/?page_id=793"},"modified":"2022-10-27T12:15:56","modified_gmt":"2022-10-27T12:15:56","slug":"presented-results-of-the-funpro-project-as-oral-and-poster-communications-at-26th-symposium-on-separation-sciences-isss2022","status":"publish","type":"page","link":"https:\/\/funpro.agrif.bg.ac.rs\/?page_id=793","title":{"rendered":"FUNPRO project at 26th Symposium on Separation Sciences, ISSS2022"},"content":{"rendered":"\n<hr class=\"wp-block-separator has-text-color has-background has-accent-background-color has-accent-color has-alpha-channel-opacity is-style-wide\"\/>\n\n\n\n<p>Mirjana Pe\u0161i\u0107 and Danijel Milin\u010di\u0107 presented results of the FUNPRO project as oral and poster communications at 26th Symposium on Separation Sciences, ISSS2022. The Symposium was held in Ljubljana, Slovenia from 28th June to 1st July. The symposium binged together 220 registered delegates from 31 countries from Europe, Asia, Australia and the Americas from academia and industry. More information can be found at:&nbsp;<a rel=\"noreferrer noopener\" href=\"https:\/\/www.isss2020.si\/\" target=\"_blank\">https:\/\/www.isss2020.si\/<\/a>&nbsp;&nbsp;<\/p>\n\n\n\n<div class=\"wp-block-file\"><a id=\"wp-block-file--media-6cf829d6-54ef-4cb2-a194-112ab417b40a\" href=\"https:\/\/funpro.agrif.bg.ac.rs\/wp-content\/uploads\/2022\/07\/Abstract-book.pdf\" target=\"_blank\" rel=\"noreferrer noopener\">Abstract book from the conference<\/a><a href=\"https:\/\/funpro.agrif.bg.ac.rs\/wp-content\/uploads\/2022\/07\/Abstract-book.pdf\" class=\"wp-block-file__button\" download aria-describedby=\"wp-block-file--media-6cf829d6-54ef-4cb2-a194-112ab417b40a\">Download<\/a><\/div>\n\n\n\n<div style=\"height:25px\" aria-hidden=\"true\" class=\"wp-block-spacer\"><\/div>\n\n\n\n<figure class=\"wp-block-gallery has-nested-images columns-1 is-cropped\">\n<figure class=\"wp-block-image size-large\"><img loading=\"lazy\" width=\"5472\" height=\"3648\" data-id=\"795\"  src=\"https:\/\/funpro.agrif.bg.ac.rs\/wp-content\/uploads\/2022\/07\/DSC01022.jpg\" alt=\"\" class=\"wp-image-795\"\/><\/figure>\n\n\n\n<figure class=\"wp-block-image size-large\"><img loading=\"lazy\" width=\"3472\" height=\"4640\" data-id=\"794\"  src=\"https:\/\/funpro.agrif.bg.ac.rs\/wp-content\/uploads\/2022\/07\/1657638765746.jpg\" alt=\"\" class=\"wp-image-794\"\/><\/figure>\n<\/figure>\n\n\n\n<div style=\"height:35px\" aria-hidden=\"true\" class=\"wp-block-spacer\"><\/div>\n\n\n\n<p><\/p>\n","protected":false},"excerpt":{"rendered":"<p>Mirjana Pe\u0161i\u0107 and Danijel Milin\u010di\u0107 presented results of the FUNPRO project as oral and poster communications at 26th Symposium on Separation Sciences, ISSS2022. The Symposium was held in Ljubljana, Slovenia from 28th June to 1st July. The symposium binged together 220 registered delegates from 31 countries from Europe, Asia, Australia [&hellip;]<\/p>\n","protected":false},"author":1,"featured_media":0,"parent":0,"menu_order":0,"comment_status":"closed","ping_status":"closed","template":"page-templates\/template-fullwidth.php","meta":{"_themeisle_gutenberg_block_has_review":false},"_links":{"self":[{"href":"https:\/\/funpro.agrif.bg.ac.rs\/index.php?rest_route=\/wp\/v2\/pages\/793"}],"collection":[{"href":"https:\/\/funpro.agrif.bg.ac.rs\/index.php?rest_route=\/wp\/v2\/pages"}],"about":[{"href":"https:\/\/funpro.agrif.bg.ac.rs\/index.php?rest_route=\/wp\/v2\/types\/page"}],"author":[{"embeddable":true,"href":"https:\/\/funpro.agrif.bg.ac.rs\/index.php?rest_route=\/wp\/v2\/users\/1"}],"replies":[{"embeddable":true,"href":"https:\/\/funpro.agrif.bg.ac.rs\/index.php?rest_route=%2Fwp%2Fv2%2Fcomments&post=793"}],"version-history":[{"count":8,"href":"https:\/\/funpro.agrif.bg.ac.rs\/index.php?rest_route=\/wp\/v2\/pages\/793\/revisions"}],"predecessor-version":[{"id":881,"href":"https:\/\/funpro.agrif.bg.ac.rs\/index.php?rest_route=\/wp\/v2\/pages\/793\/revisions\/881"}],"wp:attachment":[{"href":"https:\/\/funpro.agrif.bg.ac.rs\/index.php?rest_route=%2Fwp%2Fv2%2Fmedia&parent=793"}],"curies":[{"name":"wp","href":"https:\/\/api.w.org\/{rel}","templated":true}]}}