{"id":858,"date":"2022-10-17T14:53:19","date_gmt":"2022-10-17T14:53:19","guid":{"rendered":"https:\/\/funpro.agrif.bg.ac.rs\/?page_id=858"},"modified":"2022-10-17T15:08:06","modified_gmt":"2022-10-17T15:08:06","slug":"funpro-project-at-13th-european-researchers-night","status":"publish","type":"page","link":"https:\/\/funpro.agrif.bg.ac.rs\/?page_id=858","title":{"rendered":"FUNPRO project at 13th European Researchers\u2019 Night"},"content":{"rendered":"\n<hr class=\"wp-block-separator has-text-color has-background has-accent-background-color has-accent-color has-alpha-channel-opacity is-style-wide\"\/>\n\n\n\n<p>The 13<sup>th<\/sup> was organized by Center for the Promotion of Science and Institute for Biological Research &#8220;Sini\u0161a Stankovi\u0107 30.09.2022. as two exhibition in In\u0111ija, pedestrian zone and SC Big, Vi\u0161nji\u010dka 84. The Night of Researchers is an important manifestation for the popularization of science at the European level, which is organized to bring scientific achievements and perspectives of scientific projects closer to children of different ages, as well as to all those interested in this topic. The scientific content of this Researchers&#8217; Night included the presentation of the FUNPRO project. During several hours, the goals of this project were presented in a scientific-popular way, the importance of edible mushrooms used in the FUNPRO project for the development of functional dairy products, as well as sustainable resource management, was demonstrated.<\/p>\n\n\n\n<p>Read more at: <a rel=\"noreferrer noopener\" href=\"https:\/\/www.nocistrazivaca.rs\/\" target=\"_blank\">https:\/\/www.nocistrazivaca.rs\/<\/a><\/p>\n\n\n\n<div style=\"height:25px\" aria-hidden=\"true\" class=\"wp-block-spacer\"><\/div>\n\n\n\n<figure class=\"wp-block-gallery has-nested-images columns-default\">\n<figure class=\"wp-block-image size-large\"><a href=\"https:\/\/funpro.agrif.bg.ac.rs\/wp-content\/uploads\/2022\/10\/slika7-1.jpg\"><img loading=\"lazy\" width=\"663\" height=\"884\" data-id=\"871\"  src=\"https:\/\/funpro.agrif.bg.ac.rs\/wp-content\/uploads\/2022\/10\/slika7-1.jpg\" alt=\"\" class=\"wp-image-871\"\/><\/a><\/figure>\n\n\n\n<figure class=\"wp-block-image size-large\"><a href=\"https:\/\/funpro.agrif.bg.ac.rs\/wp-content\/uploads\/2022\/10\/slika8.jpg\"><img loading=\"lazy\" width=\"965\" height=\"723\" data-id=\"870\"  src=\"https:\/\/funpro.agrif.bg.ac.rs\/wp-content\/uploads\/2022\/10\/slika8.jpg\" alt=\"\" class=\"wp-image-870\"\/><\/a><\/figure>\n\n\n\n<figure class=\"wp-block-image size-large\"><a href=\"https:\/\/funpro.agrif.bg.ac.rs\/wp-content\/uploads\/2022\/10\/slika9.jpg\"><img loading=\"lazy\" width=\"1091\" height=\"818\" data-id=\"869\"  src=\"https:\/\/funpro.agrif.bg.ac.rs\/wp-content\/uploads\/2022\/10\/slika9.jpg\" alt=\"\" class=\"wp-image-869\"\/><\/a><\/figure>\n<\/figure>\n\n\n\n<div style=\"height:35px\" aria-hidden=\"true\" class=\"wp-block-spacer\"><\/div>\n","protected":false},"excerpt":{"rendered":"<p>The 13th was organized by Center for the Promotion of Science and Institute for Biological Research &#8220;Sini\u0161a Stankovi\u0107 30.09.2022. as two exhibition in In\u0111ija, pedestrian zone and SC Big, Vi\u0161nji\u010dka 84. The Night of Researchers is an important manifestation for the popularization of science at the European level, which is [&hellip;]<\/p>\n","protected":false},"author":1,"featured_media":0,"parent":0,"menu_order":0,"comment_status":"closed","ping_status":"closed","template":"page-templates\/template-fullwidth.php","meta":{"_themeisle_gutenberg_block_has_review":false},"_links":{"self":[{"href":"https:\/\/funpro.agrif.bg.ac.rs\/index.php?rest_route=\/wp\/v2\/pages\/858"}],"collection":[{"href":"https:\/\/funpro.agrif.bg.ac.rs\/index.php?rest_route=\/wp\/v2\/pages"}],"about":[{"href":"https:\/\/funpro.agrif.bg.ac.rs\/index.php?rest_route=\/wp\/v2\/types\/page"}],"author":[{"embeddable":true,"href":"https:\/\/funpro.agrif.bg.ac.rs\/index.php?rest_route=\/wp\/v2\/users\/1"}],"replies":[{"embeddable":true,"href":"https:\/\/funpro.agrif.bg.ac.rs\/index.php?rest_route=%2Fwp%2Fv2%2Fcomments&post=858"}],"version-history":[{"count":7,"href":"https:\/\/funpro.agrif.bg.ac.rs\/index.php?rest_route=\/wp\/v2\/pages\/858\/revisions"}],"predecessor-version":[{"id":873,"href":"https:\/\/funpro.agrif.bg.ac.rs\/index.php?rest_route=\/wp\/v2\/pages\/858\/revisions\/873"}],"wp:attachment":[{"href":"https:\/\/funpro.agrif.bg.ac.rs\/index.php?rest_route=%2Fwp%2Fv2%2Fmedia&parent=858"}],"curies":[{"name":"wp","href":"https:\/\/api.w.org\/{rel}","templated":true}]}}