{"id":887,"date":"2022-12-14T12:43:47","date_gmt":"2022-12-14T12:43:47","guid":{"rendered":"https:\/\/funpro.agrif.bg.ac.rs\/?page_id=887"},"modified":"2022-12-14T12:43:47","modified_gmt":"2022-12-14T12:43:47","slug":"funpro-project-at-national-seminar-of-i-category-sustainable-nutrition-in-sustainable-development","status":"publish","type":"page","link":"https:\/\/funpro.agrif.bg.ac.rs\/?page_id=887","title":{"rendered":"FUNPRO project at National Seminar of I category &#8211; Sustainable nutrition in sustainable development"},"content":{"rendered":"\n<hr class=\"wp-block-separator has-text-color has-background has-accent-background-color has-accent-color has-alpha-channel-opacity is-style-wide\"\/>\n\n\n\n<p>Nutrition Society of Serbia was organized on 4th November 2022. a Seminar \u201eSustainable nutrition in sustainable development\u201c at the Faculty of Agriculture, Univesity of Belgrade. The Seminar was organized to gather doctors, pharmacists, biochemists and hypothetists-nutritionists and exchange the latest information about the implementation of the Agenda for sustainable development by 2030 in the Republic of Serbia. The invited lecturers disscussed with audience the goals in Agenda, Concept &#8211; One health and the possibility for valorisation of food industry by-products. Two workshops on food, nutrition, sustainable development and sustainable environment were held. The programof the Seminar is accredited by the Health Council of the Ministry of Health\u00a0of the Republic of Serbia under the labelB-109\/22for doctors, pharmacists, biochemists, hypothetists-nutritionists as a national seminar of the first category. Mirjana Pe\u0161i\u0107 and Sla\u0111ana Stanojevi\u0107 were participated in the Seminar as invited spekers and promoted FUNPRO project. Mirjana Pe\u0161i\u0107 was given a talk on \u201eBioactive compounds of grape pomace: current application and future challenges\u201c. Abstract of the lecture will be available on the website of the society. <\/p>\n\n\n\n<p>For more information look at:<strong> <\/strong><a href=\"https:\/\/drustvozaishranu.rs\/dogadjaji\/seminar-odrziva-ishrana-u-odrzivom-razvoju\/\" target=\"_blank\" rel=\"noreferrer noopener\">https:\/\/drustvozaishranu.rs\/dogadjaji\/seminar-odrziva-ishrana-u-odrzivom-razvoju\/<\/a><\/p>\n\n\n\n<figure class=\"wp-block-gallery has-nested-images columns-default is-cropped\">\n<figure class=\"wp-block-image size-large\"><a href=\"https:\/\/funpro.agrif.bg.ac.rs\/wp-content\/uploads\/2022\/12\/National-Seminar-1.jpg\"><img loading=\"lazy\" width=\"1024\" height=\"768\" data-id=\"890\"  src=\"https:\/\/funpro.agrif.bg.ac.rs\/wp-content\/uploads\/2022\/12\/National-Seminar-1.jpg\" alt=\"\" class=\"wp-image-890\"\/><\/a><\/figure>\n\n\n\n<figure class=\"wp-block-image size-large\"><a href=\"https:\/\/funpro.agrif.bg.ac.rs\/wp-content\/uploads\/2022\/12\/National-Seminar-2.jpg\"><img loading=\"lazy\" width=\"1024\" height=\"768\" data-id=\"889\"  src=\"https:\/\/funpro.agrif.bg.ac.rs\/wp-content\/uploads\/2022\/12\/National-Seminar-2.jpg\" alt=\"\" class=\"wp-image-889\"\/><\/a><\/figure>\n<\/figure>\n\n\n\n<div style=\"height:35px\" aria-hidden=\"true\" class=\"wp-block-spacer\"><\/div>\n","protected":false},"excerpt":{"rendered":"<p>Nutrition Society of Serbia was organized on 4th November 2022. a Seminar \u201eSustainable nutrition in sustainable development\u201c at the Faculty of Agriculture, Univesity of Belgrade. The Seminar was organized to gather doctors, pharmacists, biochemists and hypothetists-nutritionists and exchange the latest information about the implementation of the Agenda for sustainable development [&hellip;]<\/p>\n","protected":false},"author":1,"featured_media":0,"parent":0,"menu_order":0,"comment_status":"closed","ping_status":"closed","template":"page-templates\/template-fullwidth.php","meta":{"_themeisle_gutenberg_block_has_review":false},"_links":{"self":[{"href":"https:\/\/funpro.agrif.bg.ac.rs\/index.php?rest_route=\/wp\/v2\/pages\/887"}],"collection":[{"href":"https:\/\/funpro.agrif.bg.ac.rs\/index.php?rest_route=\/wp\/v2\/pages"}],"about":[{"href":"https:\/\/funpro.agrif.bg.ac.rs\/index.php?rest_route=\/wp\/v2\/types\/page"}],"author":[{"embeddable":true,"href":"https:\/\/funpro.agrif.bg.ac.rs\/index.php?rest_route=\/wp\/v2\/users\/1"}],"replies":[{"embeddable":true,"href":"https:\/\/funpro.agrif.bg.ac.rs\/index.php?rest_route=%2Fwp%2Fv2%2Fcomments&post=887"}],"version-history":[{"count":6,"href":"https:\/\/funpro.agrif.bg.ac.rs\/index.php?rest_route=\/wp\/v2\/pages\/887\/revisions"}],"predecessor-version":[{"id":916,"href":"https:\/\/funpro.agrif.bg.ac.rs\/index.php?rest_route=\/wp\/v2\/pages\/887\/revisions\/916"}],"wp:attachment":[{"href":"https:\/\/funpro.agrif.bg.ac.rs\/index.php?rest_route=%2Fwp%2Fv2%2Fmedia&parent=887"}],"curies":[{"name":"wp","href":"https:\/\/api.w.org\/{rel}","templated":true}]}}