{"id":907,"date":"2022-12-14T13:26:48","date_gmt":"2022-12-14T13:26:48","guid":{"rendered":"https:\/\/funpro.agrif.bg.ac.rs\/?page_id=907"},"modified":"2023-01-24T19:18:22","modified_gmt":"2023-01-24T19:18:22","slug":"funpro-project-at-32nd-international-scientific-expert-conference-of-agriculture-and-food-industry","status":"publish","type":"page","link":"https:\/\/funpro.agrif.bg.ac.rs\/?page_id=907","title":{"rendered":"FUNPRO project at 32nd International Scientific-Expert Conference of Agriculture and Food Industry"},"content":{"rendered":"\n<hr class=\"wp-block-separator has-text-color has-background has-accent-background-color has-accent-color has-alpha-channel-opacity is-style-wide\"\/>\n\n\n\n<div class=\"wp-container-1 wp-block-group\"><div class=\"wp-block-group__inner-container\">\n<p>The 32nd International Scientific-Expert Conference of Agriculture and Food Industry \u2013 Local food production systems in the era of global challenges was held in Sarajevo, Bosnia and Herzegovina, from 1st to 2nd December 2022 with about 150 participants. The Conference was organized by the Faculty of Agriculture and Food Science, University of Sarajevo, Bosnia and Herzegovina, and the Faculty of Agriculture, Ege University, Turkey. The Conference provided lectures from leading institutions all around the world in various fields related to food production, processing, distribution, and consumption covering a wide range of topics associated with the agrifood value chain. Participants from different fields and expertise shared a vision of a more resilient and sustainable agrifood system. The members of the FUNPRO team, Aleksandar \u017d. Kosti\u0107, and Danijel D. Milin\u010di\u0107 presented results and promoted the FUNPRO project through one poster presentation. The poster was selected as the best paper in poster sessions and awarded first place at the Conference. <\/p>\n\n\n\n<div class=\"wp-block-file\"><\/div>\n<\/div><\/div>\n\n\n\n<div class=\"wp-container-3 wp-block-group\"><div class=\"wp-block-group__inner-container\">\n<div class=\"wp-block-columns\">\n<div class=\"wp-block-column\" style=\"flex-basis:100%\">\n<div class=\"wp-container-2 wp-block-group\"><div class=\"wp-block-group__inner-container\">\n<p><\/p>\n\n\n\n<div class=\"wp-block-file\"><a id=\"wp-block-file--media-17002154-0080-4d1a-95ff-72e95b57350d\" href=\"https:\/\/funpro.agrif.bg.ac.rs\/wp-content\/uploads\/2023\/01\/Milincic-et-al-Sarajevo-2022-Apstract-book-1.pdf\" target=\"_blank\" rel=\"noreferrer noopener\">Book of Abstracts<\/a><a href=\"https:\/\/funpro.agrif.bg.ac.rs\/wp-content\/uploads\/2023\/01\/Milincic-et-al-Sarajevo-2022-Apstract-book-1.pdf\" class=\"wp-block-file__button\" download aria-describedby=\"wp-block-file--media-17002154-0080-4d1a-95ff-72e95b57350d\">Download<\/a><\/div>\n<\/div><\/div>\n<\/div>\n<\/div>\n<\/div><\/div>\n\n\n\n<div style=\"height:20px\" aria-hidden=\"true\" class=\"wp-block-spacer\"><\/div>\n\n\n\n<figure class=\"wp-block-gallery has-nested-images columns-default is-cropped\">\n<figure class=\"wp-block-image size-large\"><a href=\"https:\/\/funpro.agrif.bg.ac.rs\/wp-content\/uploads\/2022\/12\/Milincic-et-al.-2022.-Sarajevo.pdf\" target=\"_blank\" rel=\"https:\/\/funpro.agrif.bg.ac.rs\/wp-content\/uploads\/2022\/12\/Milincic-et-al.-2022.-Sarajevo.pdf noopener\"><img loading=\"lazy\" width=\"1386\" height=\"1980\" data-id=\"910\"  src=\"https:\/\/funpro.agrif.bg.ac.rs\/wp-content\/uploads\/2022\/12\/32-International-Scientific-Expert-Conference-of-Agriculture-and-Food-Industry-1.jpg\" alt=\"\" class=\"wp-image-910\"\/><\/a><\/figure>\n\n\n\n<figure class=\"wp-block-image size-large\"><a href=\"https:\/\/funpro.agrif.bg.ac.rs\/wp-content\/uploads\/2022\/12\/32-International-Scientific-Expert-Conference-of-Agriculture-and-Food-Industry-2.jpg\"><img loading=\"lazy\" width=\"1200\" height=\"1600\" data-id=\"909\"  src=\"https:\/\/funpro.agrif.bg.ac.rs\/wp-content\/uploads\/2022\/12\/32-International-Scientific-Expert-Conference-of-Agriculture-and-Food-Industry-2.jpg\" alt=\"\" class=\"wp-image-909\"\/><\/a><\/figure>\n<\/figure>\n\n\n\n<div style=\"height:35px\" aria-hidden=\"true\" class=\"wp-block-spacer\"><\/div>\n","protected":false},"excerpt":{"rendered":"<p>The 32nd International Scientific-Expert Conference of Agriculture and Food Industry \u2013 Local food production systems in the era of global challenges was held in Sarajevo, Bosnia and Herzegovina, from 1st to 2nd December 2022 with about 150 participants. The Conference was organized by the Faculty of Agriculture and Food Science, [&hellip;]<\/p>\n","protected":false},"author":1,"featured_media":0,"parent":0,"menu_order":0,"comment_status":"closed","ping_status":"closed","template":"page-templates\/template-fullwidth.php","meta":{"_themeisle_gutenberg_block_has_review":false},"_links":{"self":[{"href":"https:\/\/funpro.agrif.bg.ac.rs\/index.php?rest_route=\/wp\/v2\/pages\/907"}],"collection":[{"href":"https:\/\/funpro.agrif.bg.ac.rs\/index.php?rest_route=\/wp\/v2\/pages"}],"about":[{"href":"https:\/\/funpro.agrif.bg.ac.rs\/index.php?rest_route=\/wp\/v2\/types\/page"}],"author":[{"embeddable":true,"href":"https:\/\/funpro.agrif.bg.ac.rs\/index.php?rest_route=\/wp\/v2\/users\/1"}],"replies":[{"embeddable":true,"href":"https:\/\/funpro.agrif.bg.ac.rs\/index.php?rest_route=%2Fwp%2Fv2%2Fcomments&post=907"}],"version-history":[{"count":23,"href":"https:\/\/funpro.agrif.bg.ac.rs\/index.php?rest_route=\/wp\/v2\/pages\/907\/revisions"}],"predecessor-version":[{"id":960,"href":"https:\/\/funpro.agrif.bg.ac.rs\/index.php?rest_route=\/wp\/v2\/pages\/907\/revisions\/960"}],"wp:attachment":[{"href":"https:\/\/funpro.agrif.bg.ac.rs\/index.php?rest_route=%2Fwp%2Fv2%2Fmedia&parent=907"}],"curies":[{"name":"wp","href":"https:\/\/api.w.org\/{rel}","templated":true}]}}